{"id":1388,"date":"2022-10-05T01:35:59","date_gmt":"2022-10-04T23:35:59","guid":{"rendered":"https:\/\/goldenbeachapartment.sk\/?page_id=1388"},"modified":"2022-11-20T23:25:55","modified_gmt":"2022-11-20T22:25:55","slug":"holiday-on-the-banks-of-the-danube","status":"publish","type":"page","link":"https:\/\/goldenbeachapartment.sk\/en\/vylet-pri-brehu-dunaja\/","title":{"rendered":"Tips for a trip"},"content":{"rendered":"<div class=\"gb-container gb-container-fdbd6300\"><div class=\"gb-inside-container\">\r\n<div class=\"gb-grid-wrapper gb-grid-wrapper-126af6dc\">\r\n<div class=\"gb-grid-column gb-grid-column-5301afbb\"><div class=\"gb-container gb-container-5301afbb\"><div class=\"gb-inside-container\">\r\n\r\n<h2 class=\"gb-headline gb-headline-29babb96 gb-headline-text translation-block\">Excursions <br>to nearby cities<\/h2>\r\n\r\n\r\n\r\n<p class=\"translation-block\">You can pleasantly spend your free time not only hiking or sports activities, but also visiting an interesting city in the area. There are several of them near Golden Beach Apartment. We will describe in more detail, for example, <a href=\"https:\/\/www.komarno.sk\/start.html\" target=\"_self\">Kom\u00e1rno<\/a>, <a href=\"https:\/\/www.sturovo.sk\/\" target=\"_self\">\u0160t\u00farovo<\/a>, but also the historic city of <a href=\"https:\/\/www.esztergom.hu\/\" target=\"_self\">Esztergom<\/a> in our Hungarian neighbors.<\/p>\r\n\r\n<\/div><\/div><\/div>\r\n\r\n<div class=\"gb-grid-column gb-grid-column-b910f0a6\"><div class=\"gb-container gb-container-b910f0a6\"><div class=\"gb-inside-container\">\r\n\r\n<div class=\"gb-grid-wrapper gb-grid-wrapper-709d528a gb-query-loop-wrapper\">\r\n<div class=\"gb-grid-column gb-grid-column-fe545ecc gb-query-loop-item post-1372 post type-post status-publish format-standard has-post-thumbnail hentry category-tip-mesto\"><div class=\"gb-container gb-container-fe545ecc\"><div class=\"gb-inside-container\">\r\n<figure class=\"gb-block-image gb-block-image-aebb0c6e\"><img loading=\"lazy\" decoding=\"async\" width=\"1024\" height=\"576\" src=\"https:\/\/goldenbeachapartment.sk\/wp-content\/uploads\/2022\/10\/golden-beatch-apartman-helemba-komarno-cover.jpg\" class=\"gb-image-aebb0c6e\" alt=\"golden beatch apartman helemba komarno cover\" srcset=\"https:\/\/goldenbeachapartment.sk\/wp-content\/uploads\/2022\/10\/golden-beatch-apartman-helemba-komarno-cover.jpg 1024w, https:\/\/goldenbeachapartment.sk\/wp-content\/uploads\/2022\/10\/golden-beatch-apartman-helemba-komarno-cover-300x169.jpg 300w, https:\/\/goldenbeachapartment.sk\/wp-content\/uploads\/2022\/10\/golden-beatch-apartman-helemba-komarno-cover-768x432.jpg 768w\" sizes=\"auto, (max-width: 1024px) 100vw, 1024px\" \/><\/figure>\r\n\r\n<h2 class=\"gb-headline gb-headline-eeda71f6 gb-headline-text\"><a href=\"https:\/\/goldenbeachapartment.sk\/en\/komarno\/\">Kom\u00e1rno<\/a><\/h2>\r\n\r\n<div class=\"gb-headline gb-headline-68edd803 gb-headline-text\">Kom\u00e1rno (Hungarian: Kom\u00e1rom, German: Komorn, Serbian: \u041a\u043e\u043c\u043e\u0440\u0430\u043d (Komoran), lat. Camarum, Comaromium) is a town and municipality in the Nitra Region of eastern Slovakia. For our Hungarian ... <a title=\"Kom\u00e1rno\" class=\"read-more\" href=\"https:\/\/goldenbeachapartment.sk\/en\/komarno\/\" aria-label=\"Read more about Kom\u00e1rno\">Read more &gt;&gt;<\/a><\/div>\r\n<\/div><\/div><\/div>\r\n\r\n<div class=\"gb-grid-column gb-grid-column-fe545ecc gb-query-loop-item post-1366 post type-post status-publish format-standard has-post-thumbnail hentry category-tip-mesto\"><div class=\"gb-container gb-container-fe545ecc\"><div class=\"gb-inside-container\">\r\n<figure class=\"gb-block-image gb-block-image-aebb0c6e\"><img loading=\"lazy\" decoding=\"async\" width=\"1200\" height=\"675\" src=\"https:\/\/goldenbeachapartment.sk\/wp-content\/uploads\/2022\/10\/golden-beatch-apartman-helemba-sturovo-cover.jpg\" class=\"gb-image-aebb0c6e\" alt=\"golden beatch apartman helemba sturovo cover\" srcset=\"https:\/\/goldenbeachapartment.sk\/wp-content\/uploads\/2022\/10\/golden-beatch-apartman-helemba-sturovo-cover.jpg 1200w, https:\/\/goldenbeachapartment.sk\/wp-content\/uploads\/2022\/10\/golden-beatch-apartman-helemba-sturovo-cover-300x169.jpg 300w, https:\/\/goldenbeachapartment.sk\/wp-content\/uploads\/2022\/10\/golden-beatch-apartman-helemba-sturovo-cover-1024x576.jpg 1024w, https:\/\/goldenbeachapartment.sk\/wp-content\/uploads\/2022\/10\/golden-beatch-apartman-helemba-sturovo-cover-768x432.jpg 768w\" sizes=\"auto, (max-width: 1200px) 100vw, 1200px\" \/><\/figure>\r\n\r\n<h2 class=\"gb-headline gb-headline-eeda71f6 gb-headline-text\"><a href=\"https:\/\/goldenbeachapartment.sk\/en\/sturovo\/\">\u0160t\u00farovo<\/a><\/h2>\r\n\r\n<div class=\"gb-headline gb-headline-68edd803 gb-headline-text\">The geolocation of the town of \u0160t\u00farovo (formerly called Parkan, Hungarian: P\u00e1rk\u00e1ny, German: Gockern) is a town in the Nitra Region in the District of ... <a title=\"\u0160t\u00farovo\" class=\"read-more\" href=\"https:\/\/goldenbeachapartment.sk\/en\/sturovo\/\" aria-label=\"Read more about \u0160t\u00farovo\">Read more &gt;&gt;<\/a><\/div>\r\n<\/div><\/div><\/div>\r\n<\/div>\r\n\r\n<\/div><\/div><\/div>\r\n<\/div>\r\n<\/div><\/div>\r\n\r\n<div class=\"gb-container gb-container-fd04825c\"><div class=\"gb-inside-container\">\r\n<div class=\"gb-grid-wrapper gb-grid-wrapper-fef896f3\">\r\n<div class=\"gb-grid-column gb-grid-column-f2f870eb\"><div class=\"gb-container gb-container-f2f870eb\"><div class=\"gb-inside-container\">\r\n\r\n<h2 class=\"gb-headline gb-headline-d954f690 gb-headline-text\">Tips of free time activities<\/h2>\r\n\r\n\r\n\r\n<p class=\"translation-block\">It all depends only on your preferences for spending free time during a vacation or free weekend. The Golden Beach apartment will certainly be an attraction for fishing lovers who will also enjoy themselves in the area. Hikers, cyclists, runners, or just nature lovers.<\/p>\r\n\r\n<\/div><\/div><\/div>\r\n\r\n<div class=\"gb-grid-column gb-grid-column-54b769b2\"><div class=\"gb-container gb-container-54b769b2\"><div class=\"gb-inside-container\">\r\n\r\n<div class=\"gb-grid-wrapper gb-grid-wrapper-e6515286 gb-query-loop-wrapper\">\r\n<div class=\"gb-grid-column gb-grid-column-f4242a17 gb-query-loop-item post-1376 post type-post status-publish format-standard has-post-thumbnail hentry category-tipy-vylet\"><div class=\"gb-container gb-container-f4242a17\"><div class=\"gb-inside-container\">\r\n<figure class=\"gb-block-image gb-block-image-36c0ebd5\"><img loading=\"lazy\" decoding=\"async\" width=\"300\" height=\"169\" src=\"https:\/\/goldenbeachapartment.sk\/wp-content\/uploads\/2022\/10\/golden-beatch-apartman-helemba-cyklistika-cover-300x169.jpg\" class=\"gb-image-36c0ebd5\" alt=\"golden beach apartman chlaba cycling cover\" srcset=\"https:\/\/goldenbeachapartment.sk\/wp-content\/uploads\/2022\/10\/golden-beatch-apartman-helemba-cyklistika-cover-300x169.jpg 300w, https:\/\/goldenbeachapartment.sk\/wp-content\/uploads\/2022\/10\/golden-beatch-apartman-helemba-cyklistika-cover-1024x576.jpg 1024w, https:\/\/goldenbeachapartment.sk\/wp-content\/uploads\/2022\/10\/golden-beatch-apartman-helemba-cyklistika-cover-768x432.jpg 768w, https:\/\/goldenbeachapartment.sk\/wp-content\/uploads\/2022\/10\/golden-beatch-apartman-helemba-cyklistika-cover.jpg 1170w\" sizes=\"auto, (max-width: 300px) 100vw, 300px\" \/><\/figure>\r\n\r\n<h2 class=\"gb-headline gb-headline-f9c8c110 gb-headline-text\"><a href=\"https:\/\/goldenbeachapartment.sk\/en\/cyklistika\/\">Cycling<\/a><\/h2>\r\n\r\n<div class=\"gb-headline gb-headline-1ba5dbb3 gb-headline-text\">Near the Golden Beach Apartment there is the Danube Cycling Path (German: Donauradweg, Hungarian: Duna menti ker\u00e9kp\u00e1r\u00fat), which is one of the most famous and visited cycling routes not only on ... <a title=\"Cycling\" class=\"read-more\" href=\"https:\/\/goldenbeachapartment.sk\/en\/cyklistika\/\" aria-label=\"Read more about Cyklistika\">Read more &gt;&gt;<\/a><\/div>\r\n<\/div><\/div><\/div>\r\n\r\n<div class=\"gb-grid-column gb-grid-column-f4242a17 gb-query-loop-item post-1374 post type-post status-publish format-standard has-post-thumbnail hentry category-tipy-vylet\"><div class=\"gb-container gb-container-f4242a17\"><div class=\"gb-inside-container\">\r\n<figure class=\"gb-block-image gb-block-image-36c0ebd5\"><img loading=\"lazy\" decoding=\"async\" width=\"300\" height=\"200\" src=\"https:\/\/goldenbeachapartment.sk\/wp-content\/uploads\/2022\/10\/Golden-Beach-Apartment-pri-Dunaji-Chlaba-300x200.jpg\" class=\"gb-image-36c0ebd5\" alt=\"Golden Beach Apartment pri Dunaji Chlaba\" srcset=\"https:\/\/goldenbeachapartment.sk\/wp-content\/uploads\/2022\/10\/Golden-Beach-Apartment-pri-Dunaji-Chlaba-300x200.jpg 300w, https:\/\/goldenbeachapartment.sk\/wp-content\/uploads\/2022\/10\/Golden-Beach-Apartment-pri-Dunaji-Chlaba-768x513.jpg 768w, https:\/\/goldenbeachapartment.sk\/wp-content\/uploads\/2022\/10\/Golden-Beach-Apartment-pri-Dunaji-Chlaba.jpg 1004w\" sizes=\"auto, (max-width: 300px) 100vw, 300px\" \/><\/figure>\r\n\r\n<h2 class=\"gb-headline gb-headline-f9c8c110 gb-headline-text\"><a href=\"https:\/\/goldenbeachapartment.sk\/en\/rybolov\/\">Fishing<\/a><\/h2>\r\n\r\n<div class=\"gb-headline gb-headline-1ba5dbb3 gb-headline-text\">The name of the area into which the territory at the Golden Beach Apartment falls is Danube No. 1 with the number of the area 2-0480-1-1. It extends from the mouth ... <a title=\"Fishing\" class=\"read-more\" href=\"https:\/\/goldenbeachapartment.sk\/en\/rybolov\/\" aria-label=\"Read more about Rybolov\">Read more &gt;&gt;<\/a><\/div>\r\n<\/div><\/div><\/div>\r\n<\/div>\r\n\r\n<\/div><\/div><\/div>\r\n<\/div>\r\n<\/div><div class=\"gb-shapes\"><div class=\"gb-shape gb-shape-1\"><svg xmlns=\"http:\/\/www.w3.org\/2000\/svg\" viewbox=\"0 0 1200 137.6\" preserveaspectratio=\"none\"><path d=\"M0 137.6h1200V21.9l-66.7 26.7c-66.7 26.7-200 80-333.3 66.7S533.3 21.9 400 4.2C266.7-13.9 133.3 31.1 66.7 53L0 75.3v62.3z\"\/><\/svg><\/div><div class=\"gb-shape gb-shape-2\"><svg xmlns=\"http:\/\/www.w3.org\/2000\/svg\" viewbox=\"0 0 1200 194.3\" preserveaspectratio=\"none\"><path d=\"M1200 133.3l-50 8.9c-50 8.6-150 26.9-250 31.1-100 4.2-200-4.2-300-26.7S400 89.2 300 62.2C200 35.8 100 17.5 50 8.9L0 0v194.3h1200v-61z\"\/><\/svg><\/div><\/div><\/div>\r\n\r\n<div class=\"gb-container gb-container-61b7b0cb\"><div class=\"gb-inside-container\">\r\n<div class=\"gb-grid-wrapper gb-grid-wrapper-fd86f7bc\">\r\n<div class=\"gb-grid-column gb-grid-column-252b1359\"><div class=\"gb-container gb-container-252b1359\"><div class=\"gb-inside-container\">\r\n\r\n<h2 class=\"gb-headline gb-headline-6520adc6 gb-headline-text\">Leisure activities regarding the season<\/h2>\r\n\r\n\r\n\r\n<p>The uniqueness of the Golden Beach apartment is its versatile use in every season. Very many accommodation units and apartments are interesting for potential clients only during one or two seasons of the year and the rest of the year they are used only to a negligible extent. However, we believe that the potential of an apartment on the Danube can be exploited all year round, regardless of the weather or temperature fluctuations at any given time of the year. If you do not choose from the large number of leisure activities on offer, which can be found in the near and distant surroundings of the apartment, there is still a possibility to have a pleasant rest in the interior of the apartment, to relax, to change the environment from the habitual residence in which we are most of the year and to wake up, for example, with the chirping of various birds with the unmistakable sound of the Danube. An electric fireplace indoors or a luxurious bathtub in the bathroom will make your relaxation more enjoyable. It all depends on your leisure preferences during your holiday or free weekend. The Golden Beach Apartment will certainly be an attraction for fishing enthusiasts, who will also enjoy the surroundings. Hikers, cyclists, runners, or just nature lovers. Just choose what you are looking for on your dream holiday or long weekend and Golden Beach Apartment will surely be there to help you. That's why we've divided the leisure options for your holiday or even a free weekend by season:<\/p>\r\n\r\n\r\n\r\n<div class=\"gb-grid-wrapper gb-grid-wrapper-b1dd5f41 gb-query-loop-wrapper\">\r\n<div class=\"gb-grid-column gb-grid-column-917f8e3d gb-query-loop-item post-1352 post type-post status-publish format-standard has-post-thumbnail hentry category-rocne-obdobie\"><div class=\"gb-container gb-container-917f8e3d\"><div class=\"gb-inside-container\">\r\n<figure class=\"gb-block-image gb-block-image-25ad4015\"><img loading=\"lazy\" decoding=\"async\" width=\"300\" height=\"300\" src=\"https:\/\/goldenbeachapartment.sk\/wp-content\/uploads\/2022\/10\/Golden-Beach-Apartment-jar-pri-Dunaji_03-300x300.jpg\" class=\"gb-image-25ad4015\" alt=\"Golden Beach Apartment jar pri Dunaji 03\" srcset=\"https:\/\/goldenbeachapartment.sk\/wp-content\/uploads\/2022\/10\/Golden-Beach-Apartment-jar-pri-Dunaji_03-300x300.jpg 300w, https:\/\/goldenbeachapartment.sk\/wp-content\/uploads\/2022\/10\/Golden-Beach-Apartment-jar-pri-Dunaji_03-1024x1022.jpg 1024w, https:\/\/goldenbeachapartment.sk\/wp-content\/uploads\/2022\/10\/Golden-Beach-Apartment-jar-pri-Dunaji_03-150x150.jpg 150w, https:\/\/goldenbeachapartment.sk\/wp-content\/uploads\/2022\/10\/Golden-Beach-Apartment-jar-pri-Dunaji_03-768x767.jpg 768w, https:\/\/goldenbeachapartment.sk\/wp-content\/uploads\/2022\/10\/Golden-Beach-Apartment-jar-pri-Dunaji_03.jpg 1080w\" sizes=\"auto, (max-width: 300px) 100vw, 300px\" \/><\/figure>\r\n\r\n<h2 class=\"gb-headline gb-headline-87aa2077 gb-headline-text\"><a href=\"https:\/\/goldenbeachapartment.sk\/en\/jarna-dovolenka\/\">Spring holidays<\/a><\/h2>\r\n\r\n<div class=\"gb-headline gb-headline-ff55e3d9 gb-headline-text translation-block\">Spring is characterized by the awakening of everything around. The first birds arrive from warm countries, nature starts to wake up after the winter and we also perceive spring \u2026 <a title=\"Jarn\u00e1 dovolenka\" class=\"read-more\" href=\"https:\/\/goldenbeachapartment.sk\/en\/jarna-dovolenka\/\" aria-label=\"More on Kom\u00e1rno\" data-no-translation-aria-label=\"\" data-trpgettextoriginal-aria-label=\"48\" target=\"_self\">\u010c\u00edta\u0165 \u010falej &gt;&gt;<\/a><\/div>\r\n<\/div><\/div><\/div>\r\n\r\n<div class=\"gb-grid-column gb-grid-column-917f8e3d gb-query-loop-item post-1350 post type-post status-publish format-standard has-post-thumbnail hentry category-rocne-obdobie\"><div class=\"gb-container gb-container-917f8e3d\"><div class=\"gb-inside-container\">\r\n<figure class=\"gb-block-image gb-block-image-25ad4015\"><img loading=\"lazy\" decoding=\"async\" width=\"300\" height=\"225\" src=\"https:\/\/goldenbeachapartment.sk\/wp-content\/uploads\/2022\/09\/golden-beach-apartment-chlaba-zima-pri-dunaji_07-300x225.jpg\" class=\"gb-image-25ad4015\" alt=\"golden beach apartment chlaba zima pri dunaji 07\" srcset=\"https:\/\/goldenbeachapartment.sk\/wp-content\/uploads\/2022\/09\/golden-beach-apartment-chlaba-zima-pri-dunaji_07-300x225.jpg 300w, https:\/\/goldenbeachapartment.sk\/wp-content\/uploads\/2022\/09\/golden-beach-apartment-chlaba-zima-pri-dunaji_07.jpg 500w\" sizes=\"auto, (max-width: 300px) 100vw, 300px\" \/><\/figure>\r\n\r\n<h2 class=\"gb-headline gb-headline-87aa2077 gb-headline-text\"><a href=\"https:\/\/goldenbeachapartment.sk\/en\/zimna-dovolenka\/\">Winter holidays<\/a><\/h2>\r\n\r\n<div class=\"gb-headline gb-headline-ff55e3d9 gb-headline-text\">Can you imagine what it would be like to see fresh snow falling on the surface of the Danube? Winter holidays by the Danube are specific ... <a title=\"Winter holidays\" class=\"read-more\" href=\"https:\/\/goldenbeachapartment.sk\/en\/zimna-dovolenka\/\" aria-label=\"Read more about Zimn\u00e1 dovolenka\">Read more &gt;&gt;<\/a><\/div>\r\n<\/div><\/div><\/div>\r\n\r\n<div class=\"gb-grid-column gb-grid-column-917f8e3d gb-query-loop-item post-1338 post type-post status-publish format-standard has-post-thumbnail hentry category-rocne-obdobie\"><div class=\"gb-container gb-container-917f8e3d\"><div class=\"gb-inside-container\">\r\n<figure class=\"gb-block-image gb-block-image-25ad4015\"><img loading=\"lazy\" decoding=\"async\" width=\"300\" height=\"300\" src=\"https:\/\/goldenbeachapartment.sk\/wp-content\/uploads\/2022\/10\/Golden-Beach-Apartment-pri-Dunaji-jesen_05-300x300.jpg\" class=\"gb-image-25ad4015\" alt=\"Golden Beach Apartment pri Dunaji jesen 05\" srcset=\"https:\/\/goldenbeachapartment.sk\/wp-content\/uploads\/2022\/10\/Golden-Beach-Apartment-pri-Dunaji-jesen_05-300x300.jpg 300w, https:\/\/goldenbeachapartment.sk\/wp-content\/uploads\/2022\/10\/Golden-Beach-Apartment-pri-Dunaji-jesen_05-1024x1024.jpg 1024w, https:\/\/goldenbeachapartment.sk\/wp-content\/uploads\/2022\/10\/Golden-Beach-Apartment-pri-Dunaji-jesen_05-150x150.jpg 150w, https:\/\/goldenbeachapartment.sk\/wp-content\/uploads\/2022\/10\/Golden-Beach-Apartment-pri-Dunaji-jesen_05-768x768.jpg 768w, https:\/\/goldenbeachapartment.sk\/wp-content\/uploads\/2022\/10\/Golden-Beach-Apartment-pri-Dunaji-jesen_05.jpg 1347w\" sizes=\"auto, (max-width: 300px) 100vw, 300px\" \/><\/figure>\r\n\r\n<h2 class=\"gb-headline gb-headline-87aa2077 gb-headline-text\"><a href=\"https:\/\/goldenbeachapartment.sk\/en\/jesenna-dovolenka\/\">Autumn holidays<\/a><\/h2>\r\n\r\n<div class=\"gb-headline gb-headline-ff55e3d9 gb-headline-text\">Many of you will agree with us that autumn has its own special charm. After an exhausting active summer, packed with leisure activities ... <a title=\"Autumn holidays\" class=\"read-more\" href=\"https:\/\/goldenbeachapartment.sk\/en\/jesenna-dovolenka\/\" aria-label=\"Read more about Jesenn\u00e1 dovolenka\">Read more &gt;&gt;<\/a><\/div>\r\n<\/div><\/div><\/div>\r\n\r\n<div class=\"gb-grid-column gb-grid-column-917f8e3d gb-query-loop-item post-1333 post type-post status-publish format-standard has-post-thumbnail hentry category-rocne-obdobie\"><div class=\"gb-container gb-container-917f8e3d\"><div class=\"gb-inside-container\">\r\n<figure class=\"gb-block-image gb-block-image-25ad4015\"><img loading=\"lazy\" decoding=\"async\" width=\"300\" height=\"168\" src=\"https:\/\/goldenbeachapartment.sk\/wp-content\/uploads\/2022\/09\/golden-beach-apartment-chlaba-leto-pri-dunaji_20-300x168.jpg\" class=\"gb-image-25ad4015\" alt=\"golden beach apartment chlaba leto pri dunaji 20\" srcset=\"https:\/\/goldenbeachapartment.sk\/wp-content\/uploads\/2022\/09\/golden-beach-apartment-chlaba-leto-pri-dunaji_20-300x168.jpg 300w, https:\/\/goldenbeachapartment.sk\/wp-content\/uploads\/2022\/09\/golden-beach-apartment-chlaba-leto-pri-dunaji_20-768x431.jpg 768w, https:\/\/goldenbeachapartment.sk\/wp-content\/uploads\/2022\/09\/golden-beach-apartment-chlaba-leto-pri-dunaji_20.jpg 900w\" sizes=\"auto, (max-width: 300px) 100vw, 300px\" \/><\/figure>\r\n\r\n<h2 class=\"gb-headline gb-headline-87aa2077 gb-headline-text\"><a href=\"https:\/\/goldenbeachapartment.sk\/en\/letna-dovolenka\/\">Summer holidays<\/a><\/h2>\r\n\r\n<div class=\"gb-headline gb-headline-ff55e3d9 gb-headline-text\">Are you one of those people who can't wait for summer holidays and have been working since April? Or are you more of a person ... <a title=\"Summer holidays\" class=\"read-more\" href=\"https:\/\/goldenbeachapartment.sk\/en\/letna-dovolenka\/\" aria-label=\"Read more about Letn\u00e1 dovolenka\">Read more &gt;&gt;<\/a><\/div>\r\n<\/div><\/div><\/div>\r\n<\/div>\r\n\r\n<\/div><\/div><\/div>\r\n<\/div>\r\n<\/div><\/div>","protected":false},"excerpt":{"rendered":"","protected":false},"author":1,"featured_media":1368,"parent":0,"menu_order":4,"comment_status":"closed","ping_status":"closed","template":"","meta":{"_seopress_robots_primary_cat":"","_seopress_titles_title":"Tipy na v\u00fdlet pri brehu Dunaja - Golden Beach Apartment","_seopress_titles_desc":"Apartm\u00e1n poskytuje svojim n\u00e1v\u0161tevn\u00edkom viac ako len ubytovanie. Vo\u013en\u00fd \u010das m\u00f4\u017eete pr\u00edjemne str\u00e1vi\u0165 turistikou, \u0161portov\u00fdmi aktivitami ale aj n\u00e1v\u0161tevou wellnessu a zauj\u00edmav\u00e9ho historick\u00e9ho mesta.","_seopress_robots_index":"","footnotes":""},"class_list":{"0":"post-1388","1":"page","2":"type-page","3":"status-publish","4":"has-post-thumbnail","6":"no-featured-image-padding"},"_links":{"self":[{"href":"https:\/\/goldenbeachapartment.sk\/en\/wp-json\/wp\/v2\/pages\/1388","targetHints":{"allow":["GET"]}}],"collection":[{"href":"https:\/\/goldenbeachapartment.sk\/en\/wp-json\/wp\/v2\/pages"}],"about":[{"href":"https:\/\/goldenbeachapartment.sk\/en\/wp-json\/wp\/v2\/types\/page"}],"author":[{"embeddable":true,"href":"https:\/\/goldenbeachapartment.sk\/en\/wp-json\/wp\/v2\/users\/1"}],"replies":[{"embeddable":true,"href":"https:\/\/goldenbeachapartment.sk\/en\/wp-json\/wp\/v2\/comments?post=1388"}],"version-history":[{"count":0,"href":"https:\/\/goldenbeachapartment.sk\/en\/wp-json\/wp\/v2\/pages\/1388\/revisions"}],"wp:featuredmedia":[{"embeddable":true,"href":"https:\/\/goldenbeachapartment.sk\/en\/wp-json\/wp\/v2\/media\/1368"}],"wp:attachment":[{"href":"https:\/\/goldenbeachapartment.sk\/en\/wp-json\/wp\/v2\/media?parent=1388"}],"curies":[{"name":"wp","href":"https:\/\/api.w.org\/{rel}","templated":true}]}}