{"id":1425,"date":"2022-10-05T14:58:13","date_gmt":"2022-10-05T12:58:13","guid":{"rendered":"https:\/\/goldenbeachapartment.sk\/?page_id=1425"},"modified":"2023-02-06T14:41:54","modified_gmt":"2023-02-06T13:41:54","slug":"rules","status":"publish","type":"page","link":"https:\/\/goldenbeachapartment.sk\/en\/prevadzkovy-poriadok\/","title":{"rendered":"Prev\u00e1dzkov\u00fd poriadok ubytovacieho zariadenia"},"content":{"rendered":"<h2 class=\"gb-headline gb-headline-d12f9006 gb-headline-text\">Golden Beach Apartman<\/h2>\r\n\r\n\r\n\r\n<p>Prev\u00e1dzkovate\u013e:&nbsp;<strong>Slovensk\u00e9 lesy s. r. o,&nbsp;943 65&nbsp; Kamenica nad Hronom 461<\/strong><\/p>\r\n\r\n\r\n\r\n<p>Vypracovan\u00fd &nbsp;d\u0148a&nbsp;&nbsp;<strong>1. janu\u00e1ra 2021<\/strong><\/p>\r\n\r\n\r\n\r\n<h5 class=\"wp-block-heading\">&nbsp;<\/h5>\r\n\r\n\r\n\r\n<h2 class=\"wp-block-heading\" style=\"font-size:28px\"><strong>a) identifika\u010dn\u00e9 \u00fadaje prev\u00e1dzkovate\u013ea zariadenia<\/strong><\/h2>\r\n\r\n\r\n\r\n<p>N\u00e1zov a&nbsp;adresa prev\u00e1dzky:&nbsp;<strong>Golden Beach Apartment&nbsp;<\/strong>&nbsp;&nbsp;&nbsp;<\/p>\r\n\r\n\r\n\r\n<p>Business name of the owner:&nbsp;<strong>Slovensk\u00e9 lesy s. r. o<\/strong><\/p>\r\n\r\n\r\n\r\n<p>s\u00eddlo prev\u00e1dzkovate\u013ea:\u00a0<strong>Mateja Bela 1020\/8, 943 01\u00a0 \u0160t\u00farovo<\/strong><\/p>\r\n\r\n\r\n\r\n<p>Organization id number:&nbsp;<strong>50685333&nbsp;<\/strong>&nbsp;&nbsp;&nbsp;&nbsp;&nbsp; &nbsp;&nbsp;&nbsp;&nbsp;&nbsp;&nbsp;&nbsp;&nbsp;&nbsp;&nbsp;&nbsp;&nbsp;&nbsp;&nbsp;&nbsp;&nbsp;&nbsp;&nbsp;&nbsp;&nbsp; &nbsp;&nbsp;&nbsp;&nbsp;&nbsp;&nbsp;&nbsp;&nbsp;&nbsp;&nbsp;&nbsp;<\/p>\r\n\r\n\r\n\r\n<p>Tax identification number:&nbsp;<strong>2120457053<\/strong><\/p>\r\n\r\n\r\n\r\n<p>Zodpovedn\u00fd ved\u00faci:&nbsp;<strong>Daniel Dombi<\/strong><\/p>\r\n\r\n\r\n\r\n<p>Telefonick\u00fd kontakt:&nbsp;<strong>+421&nbsp;908&nbsp;035 506<\/strong><\/p>\r\n\r\n\r\n\r\n<p>e-mail:&nbsp;<strong>goldenbeachapartman@gmail.com, slovenskelesy@mail.com<\/strong><\/p>\r\n\r\n\r\n\r\n<h2 class=\"wp-block-heading\" style=\"font-size:28px\"><strong>b) druh a sp\u00f4sob poskytovania slu\u017eieb<\/strong><\/h2>\r\n\r\n\r\n\r\n<p>Ubytovacie&nbsp; zariadenia v zmysle Vyhl. 355\/2007 Z. z., \u00a71, ods. 2, p\u00edsm. h) v platnom znen\u00ed \u2013 ubytovacie zariadenie pre cestovn\u00fd ruch, v&nbsp; ktorom&nbsp; sa&nbsp; verejnosti poskytuje prechodn\u00e9 ubytovanie a s n\u00edm spojen\u00e9 slu\u017eby.<\/p>\r\n\r\n\r\n\r\n<p><strong>Ubytovanie sa zabezpe\u010duje bez stravovania, bez doplnkov\u00fdch slu\u017eieb.<\/strong><\/p>\r\n\r\n\r\n\r\n<p>Kapacita zariadenia:&nbsp;<strong>&nbsp;4 osoby<\/strong><\/p>\r\n\r\n\r\n\r\n<h2 class=\"wp-block-heading\" style=\"font-size:28px\">c) podmienky prev\u00e1dzky a z\u00e1sady ochrany zdravia n\u00e1v\u0161tevn\u00edkov a zamestnancov zariadenia<\/h2>\r\n\r\n\r\n\r\n<p><strong><em><u>Dispozi\u010dn\u00e9 a&nbsp;priestorov\u00e9 rie\u0161enie prev\u00e1dzky<\/u><\/em><em>:<\/em><\/strong><\/p>\r\n\r\n\r\n\r\n<p>Apartm\u00e1n m\u00e1 rozlohu&nbsp;<strong>40 m\u00b2<\/strong>, je zlo\u017een\u00fd zo sp\u00e1l\u0148ovej, kuchynskej, jed\u00e1lenskej, ob\u00fdvacej a \u010dasti a&nbsp;k\u00fape\u013ene. Je vhodn\u00fd pre&nbsp;<strong>4 osoby<\/strong>. K apartm\u00e1nu prisl\u00facha slne\u010dn\u00e1 terasa a parkovacie miesto, odkia\u013e je pr\u00edstup mo\u017en\u00fd len pe\u0161o. Objekt bude sl\u00fa\u017ei\u0165 na ubytovanie turistov a&nbsp;n\u00e1v\u0161tevn\u00edkov.<\/p>\r\n\r\n\r\n\r\n<p>Po\u010det pracovn\u00edkov pracuj\u00facich v prev\u00e1dzke: priamo v prev\u00e1dzke 0, pr\u00edtomnos\u0165 len pod\u013ea potreby na nevyhnutn\u00fd \u010das<\/p>\r\n\r\n\r\n\r\n<p><strong><em><u>L\u00f4\u017ekov\u00e1 kapacita izieb<\/u><\/em><em>:<\/em><\/strong><\/p>\r\n\r\n\r\n\r\n<p>Podla\u017eie:&nbsp;<strong>1<\/strong><\/p>\r\n\r\n\r\n\r\n<p>Po\u010det izieb:&nbsp;<strong>1, &nbsp;z&nbsp;toho: 1 \u0161tvorl\u00f4\u017ekov\u00fdch,&nbsp;1 man\u017eelsk\u00e1 poste\u013e, 1 dvojmiestna rozkladacia pohovka<\/strong><\/p>\r\n\r\n\r\n\r\n<p><strong><em><u>Z\u00e1kladn\u00e9 vybavenie izby:<\/u><\/em><\/strong><\/p>\r\n\r\n\r\n\r\n<p>Polohovate\u013en\u00e1 elektrick\u00e1 poste\u013e, \u0161atn\u00edkov\u00e1 skri\u0148a, rohov\u00e1 ko\u017een\u00e1 rozkladacia pohovka s \u00falo\u017en\u00fdm priestorom, LED telev\u00edzor, biokrb, rozkladac\u00ed jed\u00e1lensk\u00fd st\u00f4l na kolieskach, ko\u017een\u00e9 jed\u00e1lensk\u00e9 stoli\u010dky, plne vybaven\u00e1 kuchynsk\u00e1 linka so spotrebi\u010dmi, kuchynsk\u00fdm riadom, pr\u00edbormi, chladni\u010dkou, um\u00fdva\u010dkou riadu, digestorom, teplovzdu\u0161nou elektrickou r\u00farou, induk\u010dnou varnou doskou, kanvicou, mikrovlnnou r\u00farou aj k\u00e1vovarom.<\/p>\r\n\r\n\r\n\r\n<p><strong><em><u>Zariadenia na osobn\u00fa hygienu<\/u><\/em>:<\/strong><\/p>\r\n\r\n\r\n\r\n<p>Vybavenie zariaden\u00ed pre osobn\u00fa hygienu:&nbsp; k\u00fape\u013e\u0148a \u2013 hydro-mas\u00e1\u017eny sprchov\u00fd box, um\u00fdvadlo pre 2 osoby, zrkadlo, k\u00fape\u013e\u0148ov\u00e1 skrinka, splachovac\u00ed z\u00e1chod, odpadkov\u00fd k\u00f4\u0161, su\u0161iak na bielize\u0148 a&nbsp;f\u00e9n, lek\u00e1rni\u010dka.<\/p>\r\n\r\n\r\n\r\n<p><strong><em><u>Z\u00e1sobovanie zariadenia pitnou vodou, teplou \u00fa\u017eitkovou vodou, odkanalizovanie<\/u><\/em><em>:<\/em><\/strong><\/p>\r\n\r\n\r\n\r\n<p>Objekt je z\u00e1sobovan\u00fd pitnou vodou:&nbsp;<strong>verejn\u00fd vodovod<\/strong><\/p>\r\n\r\n\r\n\r\n<p>Odkanalizovanie objektu:&nbsp;<strong>\u017eumpa<\/strong><\/p>\r\n\r\n\r\n\r\n<p>Pr\u00edprava T\u00daV:&nbsp;<strong>lok\u00e1lna pr\u00edprava teplej vody (bojler)<\/strong><\/p>\r\n\r\n\r\n\r\n<p>Tepeln\u00e1 pohoda, vykurovanie:<strong>&nbsp;zdroj tepla \u2013 klimatiz\u00e1cia, podlahov\u00e9 k\u00farenie, biokrb, kovnektror<\/strong><\/p>\r\n\r\n\r\n\r\n<p>Napojenie zariadenia na ostatn\u00e9 in\u017einierske siete:&nbsp;<strong>elektrina (380 V)<\/strong><\/p>\r\n\r\n\r\n\r\n<p><strong><u>Zabezpe\u010denie ochrany zdravia nefaj\u010diarov:<\/u>&nbsp;<\/strong><\/p>\r\n\r\n\r\n\r\n<p>Vo v\u0161etk\u00fdch priestoroch prev\u00e1dzky&nbsp;<strong>&nbsp;je faj\u010denie zak\u00e1zan\u00e9<\/strong>. V dobe od 22.00 do 06.00 je no\u010dn\u00fd k\u013eud. Do priestorov m\u00f4\u017eu vstupova\u0165 iba ubytovan\u00ed hostia a osoby splnomocnen\u00e9 ved\u00facim prev\u00e1dzky.<\/p>\r\n\r\n\r\n\r\n<h2 class=\"wp-block-heading\" style=\"font-size:28px\"><strong>d) sp\u00f4sob skladovania a manipul\u00e1cie s poste\u013enou bieliz\u0148ou a frekvencia jej v\u00fdmeny<\/strong><\/h2>\r\n\r\n\r\n\r\n<p>Zariadenie je vybaven\u00e9 dostato\u010dn\u00fdm&nbsp; mno\u017estvom \u010distej (vypranej, vy\u017eehlenej)&nbsp; bielizne, primeran\u00e9 l\u00f4\u017ekovej kapacite zariadenia.<\/p>\r\n\r\n\r\n\r\n<p>\u010cist\u00e1 bielize\u0148 je uskladnen\u00e1 z\u00e1sadne oddelene od pou\u017eitej bielizne. \u010cist\u00e1 bielize\u0148 je uskladnen\u00e1 v&nbsp;skladovac\u00edch priestoroch, v&nbsp;uzatv\u00e1rate\u013en\u00fdch igelitov\u00fdch vreck\u00e1ch.<\/p>\r\n\r\n\r\n\r\n<p>Pri manipul\u00e1cii s&nbsp;bieliz\u0148ou nedoch\u00e1dza k&nbsp;vz\u00e1jomn\u00e9mu styku \u010distej a&nbsp;\u0161pinavej bielizne ani k&nbsp;ich vz\u00e1jomnej z\u00e1mene.<\/p>\r\n\r\n\r\n\r\n<p>Pou\u017eit\u00e1 (zne\u010disten\u00e1) bielize\u0148 sa skladuje v&nbsp;na to ur\u010den\u00fdch \u00fa\u010delov\u00fdch obaloch, ktor\u00e9 s\u00fa po naplnen\u00ed napevno uzavret\u00e9. Skladovanie \u0161pinavej bielizne je vo vy\u010dlenenom priestore v&nbsp;priestoroch pr\u00e1\u010dovne. Na pranie a&nbsp;\u017eehlenie \u0161pinavej bielizne sa pou\u017e\u00edva sapon\u00e1t a prac\u00ed program s najvy\u0161\u0161ou teplotou odpor\u00fa\u010danou na etikete polo\u017eky. \u010cist\u00e1 bielize\u0148 je vy\u017eehlen\u00e1 s najvy\u0161\u0161ou teplotou odpor\u00fa\u010danou na etikete polo\u017eky a uskladnen\u00e1 v&nbsp;skladovac\u00edch priestoroch, v&nbsp;uzatv\u00e1rate\u013en\u00fdch igelitov\u00fdch vreck\u00e1ch.<\/p>\r\n\r\n\r\n\r\n<p>L\u00f4\u017ekoviny (vank\u00fa\u0161e, papl\u00f3ny, deky) s\u00fa udr\u017eiavan\u00e9 v \u010distote. Zne\u010disten\u00e9 l\u00f4\u017ekoviny sa d\u00f4kladne \u010distia a per\u00fa pod\u013ea odpor\u00fa\u010dania v\u00fdrobcu.<em>&nbsp;<\/em><\/p>\r\n\r\n\r\n\r\n<p>Po\u0161koden\u00e1 a&nbsp;opotrebovan\u00e1 poste\u013en\u00e1 bielize\u0148, uter\u00e1ky, resp. aj in\u00e1 pou\u017e\u00edvan\u00e1 bielize\u0148 je bezodkladne vyraden\u00e1 z&nbsp;pou\u017e\u00edvania.<\/p>\r\n\r\n\r\n\r\n<p>Frekvencia v\u00fdmeny bielizne, uter\u00e1kov, at\u010f.:<strong>&nbsp;&nbsp;pred ka\u017edou v\u00fdmenou ubytovan\u00e9ho klienta.<\/strong><\/p>\r\n\r\n\r\n\r\n<p>Zodpovedn\u00e1 osoba za manipul\u00e1ciu s \u010distou a \u0161pinavou bieliz\u0148ou:&nbsp;&nbsp;&nbsp;<strong>Daniel Dombi<\/strong><\/p>\r\n\r\n\r\n\r\n<h2 class=\"wp-block-heading\" style=\"font-size:28px\"><strong>e) sp\u00f4sob a frekvencia be\u017en\u00e9ho upratovania a celkov\u00e9ho upratovania ubytovacieho zariadenia<\/strong><\/h2>\r\n\r\n\r\n\r\n<p>Upratovanie a dezinfekcia spolo\u010dn\u00fdch priestorov zabezpe\u010duje person\u00e1l za dodr\u017eiavania dvoch v\u0161eobecn\u00fdch princ\u00edpov.<\/p>\r\n\r\n\r\n\r\n<p><strong><u>Zhora&nbsp; nadol:<\/u><\/strong>&nbsp;za\u010d\u00edna sa s \u010disten\u00edm povrchov vy\u0161\u0161ie a postupujte k podlahe. Podlaha&nbsp; &nbsp;je&nbsp; vy\u010disten\u00e1&nbsp; ako posledn\u00e1.<\/p>\r\n\r\n\r\n\r\n<p><strong><u>\u010cist\u00e9 na \u0161pinav\u00e9:<\/u><\/strong>&nbsp;za\u010d\u00edna sa \u010disten\u00edm povrchov a predmetov, ktor\u00e9 s\u00fa \u010distej\u0161ie a\u017e ku \u010disteniu \u0161pinav\u00fdch predmetov (napr. toaliet). Db\u00e1 sa, aby nedoch\u00e1dzalo k prechodu z oblasti, ktor\u00e1 nebola vy\u010disten\u00e1, do oblasti, ktor\u00e1 bola vy\u010disten\u00e1.<\/p>\r\n\r\n\r\n\r\n<p>Na&nbsp; dezinfekciu&nbsp; prostredia&nbsp; sa pou\u017e\u00edvaj\u00fa dezinfek\u010dn\u00e9 prostriedky s viruc\u00eddnou \u00fa\u010dinnos\u0165ou. Frekvencia&nbsp; upratovania v\u0161etk\u00fdch&nbsp; priestorov je po ka\u017edej v\u00fdmene ubytovan\u00e9ho klienta.<\/p>\r\n\r\n\r\n\r\n<p>V\u0161etky \u201edotykov\u00e9\u201c povrchy, ako s\u00fa pulty, skrinky, stolov\u00e9 dosky, k\u013eu\u010dky dver\u00ed, vyp\u00edna\u010de svetiel a&nbsp;\u017eal\u00fazie, stopy na bytovom textile, sprchy a toalety sa \u010distia a&nbsp;dezinfikuj\u00fa osobitnou s\u00fapravou \u010distiacich pom\u00f4cok a&nbsp;prostriedkov, toalety sa \u010distia ako posledn\u00e9.<\/p>\r\n\r\n\r\n\r\n<p>Vysaje sa koberec a&nbsp;podlaha, n\u00e1sledne sa umyje podlaha zo vzdialenej strany miestnosti k&nbsp;dver\u00e1m.<\/p>\r\n\r\n\r\n\r\n<p>Pom\u00f4cky&nbsp; na&nbsp; v\u00fdkon&nbsp; mechanickej&nbsp; o\u010disty&nbsp; (vedr\u00e1,&nbsp; handry,&nbsp; kefy&nbsp; apod.)&nbsp; s\u00fa materi\u00e1lovo rozl\u00ed\u0161en\u00e9 a vy\u010dlenen\u00e9 pod\u013ea sp\u00f4sobu pou\u017eitia, po skon\u010den\u00ed pr\u00e1c sa vy\u010distia, dezinfikuj\u00fa a vysu\u0161ia.<\/p>\r\n\r\n\r\n\r\n<p>Pou\u017e\u00edvan\u00e9 \u010distiace prostriedky:&nbsp;<strong>Sanitol, Jar, Clin, Cif, Savo, Domestos<\/strong><\/p>\r\n\r\n\r\n\r\n<p>Frekvencia obnovy n\u00e1terov (ma\u013eovania) priestorov zariadenia:&nbsp;<strong>raz za 4 roky<\/strong><\/p>\r\n\r\n\r\n\r\n<p>Osoba, resp. osoby zodpovedn\u00e9 za zabezpe\u010denie upratovania:&nbsp;&nbsp;<strong>Daniel Dombi<\/strong><\/p>\r\n\r\n\r\n\r\n<h2 class=\"wp-block-heading\" style=\"font-size:28px\"><strong>f)&nbsp;<\/strong><strong>postup pri dezinfekcii a jej frekvencia v zariadeniach na osobn\u00fa hygienu<\/strong><\/h2>\r\n\r\n\r\n\r\n<p>Zariadenia na osobn\u00fa hygienu sa mechanicky \u010distia, um\u00fdvaj\u00fa a dezinfikuj\u00fa.<\/p>\r\n\r\n\r\n\r\n<p>Prostriedky na dezinfekciu zariaden\u00ed na osobn\u00fa hygienu sa pou\u017eij\u00fa:&nbsp;<strong>Savo, Domestos, Jar, Sanitol,<\/strong>&nbsp;alebo in\u00fd vhodn\u00fd dezinfek\u010dn\u00fd prostriedok.<\/p>\r\n\r\n\r\n\r\n<p>Pri t\u00fdchto \u00fakonoch sa pou\u017e\u00edvaj\u00fa ochrann\u00e9 rukavice a in\u00e9 potrebn\u00e9 OPP.<\/p>\r\n\r\n\r\n\r\n<p>Na dezinfekciu sa pou\u017e\u00edvaj\u00fa iba bioc\u00eddne pr\u00edpravky registrovan\u00e9 v&nbsp;Centre pre chemick\u00e9 l\u00e1tky a&nbsp;pr\u00edpravky SR.Re\u0161pektuje sa z\u00e1sada striedania dezinfek\u010dn\u00fdch pr\u00edpravkov s r\u00f4znou \u00fa\u010dinnou zlo\u017ekou ako prevencia vzniku rezistencie mikroorganizmov proti \u00fa\u010dinnej zlo\u017eke pr\u00edpravku.<\/p>\r\n\r\n\r\n\r\n<p>Po\u010das v\u00fdkonu manipul\u00e1cie s&nbsp;dezinfek\u010dn\u00fdmi prostriedkami sa priestory, v&nbsp;ktor\u00fdch sa s&nbsp;nimi manipuluje, intenz\u00edvne vetraj\u00fa.<\/p>\r\n\r\n\r\n\r\n<p>Osoba, resp. osoby zodpovedn\u00e9 za zabezpe\u010denie dezinfekcie:&nbsp;&nbsp;<strong>Daniel Dombi<\/strong><\/p>\r\n\r\n\r\n\r\n<h2 class=\"wp-block-heading\" style=\"font-size:28px\"><strong>g) postup pri zabezpe\u010den\u00ed ni\u010denia \u017eivo\u010d\u00ed\u0161nych \u0161kodcov<\/strong><\/h2>\r\n\r\n\r\n\r\n<p>Dezinsekcia a deratiz\u00e1cia priestorov je dod\u00e1vate\u013esky pod\u013ea potreby.<\/p>\r\n\r\n\r\n\r\n<p>Osoba, resp. osoby zodpovedn\u00e9 za zabezpe\u010denie ni\u010denia \u017eivo\u010d\u00ed\u0161nych \u0161kodcov:<strong>&nbsp;Daniel Dombi<\/strong><\/p>\r\n\r\n\r\n\r\n<h2 class=\"wp-block-heading\" style=\"font-size:28px\"><strong>h) sp\u00f4sob odstra\u0148ovania tuh\u00e9ho odpadu, frekvencia vypr\u00e1zd\u0148ovania odpadov\u00fdch n\u00e1dob, ich \u010distenie a dezinfekcia<\/strong><\/h2>\r\n\r\n\r\n\r\n<p>Tuh\u00fd komun\u00e1lny odpad sa zbiera v uzatv\u00e1rate\u013en\u00fdch a um\u00fdvate\u013en\u00fdch n\u00e1dob\u00e1ch a vyn\u00e1\u0161a sa pod\u013ea potreby. N\u00e1doby sa \u010distia a dezinfikuj\u00fa je po ka\u017edej v\u00fdmene ubytovan\u00e9ho klienta. Do n\u00e1dob sa pou\u017e\u00edvaj\u00fa vreck\u00e1 na smeti, ktor\u00e9 sa odn\u00e1\u0161aj\u00fa do dvoch ve\u013ek\u00fdch 110l n\u00e1dob. Odvoz TKO zabezpe\u010duje Obec Ch\u013eaba. Prev\u00e1dzkovate\u013e zabezpe\u010duje separovanie komun\u00e1lneho odpadu a to&nbsp; do&nbsp; farebne ozna\u010den\u00fdch&nbsp; zbern\u00fdch&nbsp; vreciek&nbsp; na&nbsp; plasty&nbsp; a na&nbsp; sklo.&nbsp; Pr\u00e1zdne&nbsp; vreck\u00e1&nbsp; sa&nbsp; nach\u00e1dzaj\u00fa v technickej miestnosti, pri pou\u017eit\u00ed sa do momentu odvozu ulo\u017eia v pr\u00edstre\u0161ku a za\u0165a\u017eia pre vplyvom vetra.<\/p>\r\n\r\n\r\n\r\n<p>Prev\u00e1dzkovan\u00edm&nbsp; ubytovacieho&nbsp; zariadenia&nbsp; Golden beach Apartment&nbsp; nevznikne&nbsp; \u017eiaden nebezpe\u010dn\u00fd odpad.<\/p>\r\n\r\n\r\n\r\n<p>Odpadov\u00e1 voda sa zachyt\u00e1va v&nbsp;certifikovanej \u017eumpe o objeme 12 m3. Projektovan\u00e1 frekvencia v\u00fdvozu je&nbsp; 60&nbsp; dn\u00ed&nbsp;av\u0161ak&nbsp; skuto\u010dn\u00fd&nbsp; po\u010det&nbsp; v\u00fdvozov&nbsp; \u017eumpy&nbsp; bude&nbsp; z\u00e1visie\u0165&nbsp; od&nbsp; vy\u0165a\u017eenosti ubytovacieho&nbsp; zariadenia. Odvoz a likvid\u00e1cia spla\u0161kov\u00fdch v\u00f4d je zabezpe\u010den\u00e1 dod\u00e1vate\u013esky.<\/p>\r\n\r\n\r\n\r\n<h2 class=\"wp-block-heading\" style=\"font-size:28px\"><strong>i) frekvencia zis\u0165ovania pr\u00edtomnosti alerg\u00e9nov rozto\u010dov<\/strong><\/h2>\r\n\r\n\r\n\r\n<p>Frekvencia stanovenia alerg\u00e9nu rozto\u010dov sa ur\u010duje na z\u00e1klade fyzickej \u017eivotnosti l\u00f4\u017eok a l\u00f4\u017ekov\u00edn a pou\u017e\u00edvania matracov a matracov\u00fdch chr\u00e1ni\u010dov najmenej 1x za 5 rokov pri l\u00f4\u017ekach a l\u00f4\u017ekovin\u00e1ch star\u0161\u00edch ako 10 rokov. Matrace l\u00f4\u017eok boli zak\u00fapen\u00e9 28.7.2019.<\/p>\r\n\r\n\r\n\r\n<p><em>V\u0161eobecn\u00e9 ustanovenia<\/em><\/p>\r\n\r\n\r\n\r\n<ul class=\"wp-block-list\">\r\n<li>Prev\u00e1dzkov\u00fd poriadok zariadenia mus\u00ed by\u0165 spr\u00edstupnen\u00fd na vhodnom a&nbsp;vidite\u013enom mieste.<\/li>\r\n\r\n\r\n\r\n<li>Za dodr\u017eiavanie prev\u00e1dzkov\u00e9ho poriadku je zodpovedn\u00fd prev\u00e1dzkovate\u013e zariadenia.<\/li>\r\n<\/ul>","protected":false},"excerpt":{"rendered":"<p>Golden Beach Apartman Prev\u00e1dzkovate\u013e:&nbsp;Slovensk\u00e9 lesy s. r. o,&nbsp;943 65&nbsp; Kamenica nad Hronom 461 Vypracovan\u00fd &nbsp;d\u0148a&nbsp;&nbsp;1. janu\u00e1ra 2021 &nbsp; a) identifika\u010dn\u00e9 \u00fadaje prev\u00e1dzkovate\u013ea zariadenia N\u00e1zov a&nbsp;adresa prev\u00e1dzky:&nbsp;Golden Beach Apartment&nbsp;&nbsp;&nbsp;&nbsp; Obchodn\u00e9 meno prev\u00e1dzkovate\u013ea:&nbsp;Slovensk\u00e9 lesy s. r. o s\u00eddlo prev\u00e1dzkovate\u013ea:\u00a0Mateja Bela 1020\/8, 943 01\u00a0 \u0160t\u00farovo I\u010cO:&nbsp;50685333&nbsp;&nbsp;&nbsp;&nbsp;&nbsp;&nbsp; &nbsp;&nbsp;&nbsp;&nbsp;&nbsp;&nbsp;&nbsp;&nbsp;&nbsp;&nbsp;&nbsp;&nbsp;&nbsp;&nbsp;&nbsp;&nbsp;&nbsp;&nbsp;&nbsp;&nbsp; &nbsp;&nbsp;&nbsp;&nbsp;&nbsp;&nbsp;&nbsp;&nbsp;&nbsp;&nbsp;&nbsp; DI\u010c:&nbsp;2120457053 Zodpovedn\u00fd ved\u00faci:&nbsp;Daniel Dombi Telefonick\u00fd kontakt:&nbsp;+421&nbsp;908&nbsp;035 506 e-mail:&nbsp;goldenbeachapartman@gmail.com, slovenskelesy@mail.com b) &#8230; <a title=\"Prev\u00e1dzkov\u00fd poriadok ubytovacieho zariadenia\" class=\"read-more\" href=\"https:\/\/goldenbeachapartment.sk\/en\/prevadzkovy-poriadok\/\" aria-label=\"Read more about Prev\u00e1dzkov\u00fd poriadok ubytovacieho zariadenia\">Read more &gt;&gt;<\/a><\/p>","protected":false},"author":1,"featured_media":0,"parent":0,"menu_order":11,"comment_status":"closed","ping_status":"closed","template":"","meta":{"_seopress_robots_primary_cat":"","_seopress_titles_title":"","_seopress_titles_desc":"","_seopress_robots_index":"","footnotes":""},"class_list":{"0":"post-1425","1":"page","2":"type-page","3":"status-publish","5":"no-featured-image-padding"},"_links":{"self":[{"href":"https:\/\/goldenbeachapartment.sk\/en\/wp-json\/wp\/v2\/pages\/1425","targetHints":{"allow":["GET"]}}],"collection":[{"href":"https:\/\/goldenbeachapartment.sk\/en\/wp-json\/wp\/v2\/pages"}],"about":[{"href":"https:\/\/goldenbeachapartment.sk\/en\/wp-json\/wp\/v2\/types\/page"}],"author":[{"embeddable":true,"href":"https:\/\/goldenbeachapartment.sk\/en\/wp-json\/wp\/v2\/users\/1"}],"replies":[{"embeddable":true,"href":"https:\/\/goldenbeachapartment.sk\/en\/wp-json\/wp\/v2\/comments?post=1425"}],"version-history":[{"count":0,"href":"https:\/\/goldenbeachapartment.sk\/en\/wp-json\/wp\/v2\/pages\/1425\/revisions"}],"wp:attachment":[{"href":"https:\/\/goldenbeachapartment.sk\/en\/wp-json\/wp\/v2\/media?parent=1425"}],"curies":[{"name":"wp","href":"https:\/\/api.w.org\/{rel}","templated":true}]}}