{"id":18,"date":"2021-05-30T19:22:12","date_gmt":"2021-05-30T17:22:12","guid":{"rendered":""},"modified":"2023-10-21T22:07:43","modified_gmt":"2023-10-21T20:07:43","slug":"contact","status":"publish","type":"page","link":"https:\/\/goldenbeachapartment.sk\/en\/kontakt\/","title":{"rendered":"Contact"},"content":{"rendered":"<div class=\"gb-container gb-container-dd1b946c\"><div class=\"gb-inside-container\">\r\n<div class=\"gb-grid-wrapper gb-grid-wrapper-92ec29c0\">\r\n<div class=\"gb-grid-column gb-grid-column-339217fc\"><div class=\"gb-container gb-container-339217fc\"><div class=\"gb-inside-container\">\r\n\r\n<h2 class=\"gb-headline gb-headline-d9ff4fd2 gb-headline-text translation-block\"><strong>Reservations <br>and information<\/strong><\/h2>\r\n\r\n<\/div><\/div><\/div>\r\n\r\n<div class=\"gb-grid-column gb-grid-column-9c3586fd\"><div class=\"gb-container gb-container-9c3586fd\"><div class=\"gb-inside-container\">\r\n\r\n<h3 class=\"gb-headline gb-headline-973bcd3a gb-headline-text\">Contact:<\/h3>\r\n\r\n\r\n\r\n<h3 class=\"gb-headline gb-headline-36f0abb8 gb-headline-text\">+421 908 035 506<\/h3>\r\n\r\n\r\n\r\n<h3 class=\"gb-headline gb-headline-87285dd4 gb-headline-text\">Email:<\/h3>\r\n\r\n\r\n\r\n<h3 class=\"gb-headline gb-headline-721adc8d gb-headline-text\">info@goldenbeachapartment.sk<\/h3>\r\n\r\n\r\n\r\n<h3 class=\"gb-headline gb-headline-528826c4 gb-headline-text\"><\/h3>\r\n\r\n\r\n\r\n<h3 class=\"gb-headline gb-headline-61c5c491 gb-headline-text\">Languages:<\/h3>\r\n\r\n\r\n\r\n<h3 class=\"gb-headline gb-headline-a5acbb2d gb-headline-text\">Slovak, Hungarian, English<\/h3>\r\n\r\n<\/div><\/div><\/div>\r\n<\/div>\r\n<\/div><div class=\"gb-shapes\"><div class=\"gb-shape gb-shape-1\"><svg xmlns=\"http:\/\/www.w3.org\/2000\/svg\" viewbox=\"0 0 1200 137.6\" preserveaspectratio=\"none\"><path d=\"M0 137.6h1200V21.9l-66.7 26.7c-66.7 26.7-200 80-333.3 66.7S533.3 21.9 400 4.2C266.7-13.9 133.3 31.1 66.7 53L0 75.3v62.3z\"\/><\/svg><\/div><\/div><\/div>\r\n\r\n<div class=\"gb-container gb-container-b5a54273\"><div class=\"gb-inside-container\">\r\n<div class=\"gb-grid-wrapper gb-grid-wrapper-94532b04\">\r\n<div class=\"gb-grid-column gb-grid-column-32382c57\"><div class=\"gb-container gb-container-32382c57\"><div class=\"gb-inside-container\">\r\n\r\n<h4 class=\"gb-headline gb-headline-1eedc546 gb-headline-text\">Available all year round:<\/h4>\r\n\r\n\r\n\r\n<p>Golden Beach Apartment offers visitors use at any time of the year.<\/p>\r\n\r\n\r\n\r\n<h4 class=\"gb-headline gb-headline-d6b7e4dc gb-headline-text\">Name and adress of apartment<\/h4>\r\n\r\n\r\n\r\n<p>Golden Beach Apartment<br>Ch\u013eaba Kov\u00e1\u010dov,<br>943 66 Ch\u013eaba,<br>Slovensko<\/p>\r\n\r\n\r\n\r\n<h4 class=\"gb-headline gb-headline-bbee5289 gb-headline-text\">Registered office of the owner:<\/h4>\r\n\r\n\r\n\r\n<p>Mateja Bela 1020\/8, 943 01&nbsp; \u0160t\u00farovo<\/p>\r\n\r\n\r\n\r\n<h4 class=\"gb-headline gb-headline-4283ab62 gb-headline-text\">Business name of the owner:<\/h4>\r\n\r\n\r\n\r\n<p>Slovensk\u00e9 lesy s. r. o<\/p>\r\n\r\n\r\n\r\n<h4 class=\"gb-headline gb-headline-f555d772 gb-headline-text\">Tax identification number:<\/h4>\r\n\r\n\r\n\r\n<p>2120457053<\/p>\r\n\r\n\r\n\r\n<h4 class=\"gb-headline gb-headline-a13041ca gb-headline-text\">Organization id number:<\/h4>\r\n\r\n\r\n\r\n<p>50685333<\/p>\r\n\r\n\r\n\r\n<h4 class=\"gb-headline gb-headline-b51c31d0 gb-headline-text\">Payment method:<\/h4>\r\n\r\n\r\n\r\n<p>by bank transfer, in cash<\/p>\r\n\r\n<\/div><\/div><\/div>\r\n\r\n<div class=\"gb-grid-column gb-grid-column-248d4469\"><div class=\"gb-container gb-container-248d4469\"><div class=\"gb-inside-container\">\r\n\r\n<h4 class=\"gb-headline gb-headline-0b03469d gb-headline-text\">Contact us:<\/h4>\r\n\r\n\r\n\r\n<p>Ak\u00e9ko\u013evek&nbsp;ot\u00e1zky k pobytu, dotazy, \u010di pripomienky&nbsp;n\u00e1m nev\u00e1hajte smerova\u0165&nbsp; cez formul\u00e1r:<\/p>\r\n\r\n\r\n\r\n<div class=\"wp-block-contact-form-7-contact-form-selector\">\n<div class=\"wpcf7 no-js\" id=\"wpcf7-f1403-o1\" lang=\"sk-SK\" dir=\"ltr\" data-wpcf7-id=\"1403\">\n<div class=\"screen-reader-response\"><p role=\"status\" aria-live=\"polite\" aria-atomic=\"true\"><\/p> <ul><\/ul><\/div>\n<form action=\"\/en\/wp-json\/wp\/v2\/pages\/18#wpcf7-f1403-o1\" method=\"post\" class=\"wpcf7-form init\" aria-label=\"Kontaktn\u00fd formul\u00e1r\" novalidate=\"novalidate\" data-status=\"init\" data-trp-original-action=\"\/en\/wp-json\/wp\/v2\/pages\/18#wpcf7-f1403-o1\">\n<fieldset class=\"hidden-fields-container\"><input type=\"hidden\" name=\"_wpcf7\" value=\"1403\" \/><input type=\"hidden\" name=\"_wpcf7_version\" value=\"6.1.5\" \/><input type=\"hidden\" name=\"_wpcf7_locale\" value=\"sk_SK\" \/><input type=\"hidden\" name=\"_wpcf7_unit_tag\" value=\"wpcf7-f1403-o1\" \/><input type=\"hidden\" name=\"_wpcf7_container_post\" value=\"0\" \/><input type=\"hidden\" name=\"_wpcf7_posted_data_hash\" value=\"\" \/><input type=\"hidden\" name=\"_wpcf7_recaptcha_response\" value=\"\" \/>\n<\/fieldset>\n<p><label> Your name:<br \/>\n<span class=\"wpcf7-form-control-wrap\" data-name=\"your-name\"><input size=\"40\" maxlength=\"400\" class=\"wpcf7-form-control wpcf7-text wpcf7-validates-as-required\" aria-required=\"true\" aria-invalid=\"false\" value=\"\" type=\"text\" name=\"your-name\" \/><\/span> <\/label>\n<\/p>\n<p><label> V\u00e1\u0161 e-mail<br \/>\n<span class=\"wpcf7-form-control-wrap\" data-name=\"your-email\"><input size=\"40\" maxlength=\"400\" class=\"wpcf7-form-control wpcf7-email wpcf7-validates-as-required wpcf7-text wpcf7-validates-as-email\" aria-required=\"true\" aria-invalid=\"false\" value=\"\" type=\"email\" name=\"your-email\" \/><\/span> <\/label>\n<\/p>\n<p><label> Your telephone number<br \/>\n<span class=\"wpcf7-form-control-wrap\" data-name=\"tel-cislo\"><input size=\"40\" maxlength=\"400\" class=\"wpcf7-form-control wpcf7-tel wpcf7-validates-as-required wpcf7-text wpcf7-validates-as-tel\" aria-required=\"true\" aria-invalid=\"false\" value=\"\" type=\"tel\" name=\"tel-cislo\" \/><\/span><\/label>\n<\/p>\n<p><label> Your message<br \/>\n<span class=\"wpcf7-form-control-wrap\" data-name=\"your-message\"><textarea cols=\"40\" rows=\"10\" maxlength=\"2000\" class=\"wpcf7-form-control wpcf7-textarea\" aria-invalid=\"false\" name=\"your-message\"><\/textarea><\/span> <\/label>\n<\/p>\n<p><input class=\"wpcf7-form-control wpcf7-submit has-spinner\" type=\"submit\" value=\"Send\" \/>\n<\/p><div class=\"wpcf7-response-output\" aria-hidden=\"true\"><\/div>\n<input type=\"hidden\" name=\"trp-form-language\" value=\"en\"\/><\/form>\n<\/div>\n<\/div>\r\n\r\n<\/div><\/div><\/div>\r\n<\/div>\r\n<\/div><\/div>","protected":false},"excerpt":{"rendered":"","protected":false},"author":1,"featured_media":0,"parent":0,"menu_order":6,"comment_status":"closed","ping_status":"closed","template":"","meta":{"_seopress_robots_primary_cat":"","_seopress_titles_title":"Kontakt - Golden Beach Apartment - +421 908 035 506","_seopress_titles_desc":"Golden Beach Apartment n\u00e1v\u0161tevn\u00edkom pon\u00faka vyu\u017eitie v ka\u017edom ro\u010dnom obdob\u00ed. Ak\u00e9ko\u013evek ot\u00e1zky k pobytu, dotazy \u010di pripomienky n\u00e1m nev\u00e1hajte smerova\u0165. +421 908 035 506","_seopress_robots_index":"","footnotes":""},"class_list":{"0":"post-18","1":"page","2":"type-page","3":"status-publish","5":"no-featured-image-padding"},"_links":{"self":[{"href":"https:\/\/goldenbeachapartment.sk\/en\/wp-json\/wp\/v2\/pages\/18","targetHints":{"allow":["GET"]}}],"collection":[{"href":"https:\/\/goldenbeachapartment.sk\/en\/wp-json\/wp\/v2\/pages"}],"about":[{"href":"https:\/\/goldenbeachapartment.sk\/en\/wp-json\/wp\/v2\/types\/page"}],"author":[{"embeddable":true,"href":"https:\/\/goldenbeachapartment.sk\/en\/wp-json\/wp\/v2\/users\/1"}],"replies":[{"embeddable":true,"href":"https:\/\/goldenbeachapartment.sk\/en\/wp-json\/wp\/v2\/comments?post=18"}],"version-history":[{"count":0,"href":"https:\/\/goldenbeachapartment.sk\/en\/wp-json\/wp\/v2\/pages\/18\/revisions"}],"wp:attachment":[{"href":"https:\/\/goldenbeachapartment.sk\/en\/wp-json\/wp\/v2\/media?parent=18"}],"curies":[{"name":"wp","href":"https:\/\/api.w.org\/{rel}","templated":true}]}}