{"id":1388,"date":"2022-10-05T01:35:59","date_gmt":"2022-10-04T23:35:59","guid":{"rendered":"https:\/\/goldenbeachapartment.sk\/?page_id=1388"},"modified":"2022-11-20T23:25:55","modified_gmt":"2022-11-20T22:25:55","slug":"kirandulas-a-duna-partjan","status":"publish","type":"page","link":"https:\/\/goldenbeachapartment.sk\/hu\/vylet-pri-brehu-dunaja\/","title":{"rendered":"Tippek"},"content":{"rendered":"<div class=\"gb-container gb-container-fdbd6300\"><div class=\"gb-inside-container\">\r\n<div class=\"gb-grid-wrapper gb-grid-wrapper-126af6dc\">\r\n<div class=\"gb-grid-column gb-grid-column-5301afbb\"><div class=\"gb-container gb-container-5301afbb\"><div class=\"gb-inside-container\">\r\n\r\n<h2 class=\"gb-headline gb-headline-29babb96 gb-headline-text translation-block\">Kir\u00e1ndul\u00e1sok <br>a k\u00f6zeli <br>v\u00e1rosokba<\/h2>\r\n\r\n\r\n\r\n<p class=\"translation-block\">Kellemesen t\u00f6ltheti szabadidej\u00e9t nemcsak t\u00far\u00e1z\u00e1ssal vagy sporttev\u00e9kenys\u00e9ggel, hanem egy \u00e9rdekes k\u00f6zeli v\u00e1ros megl\u00e1togat\u00e1s\u00e1val is. A Golden Beach Apartment k\u00f6zel\u00e9ben t\u00f6bb is tal\u00e1lhat\u00f3. P\u00e9ld\u00e1ul <a href=\"https:\/\/www.komarno.sk\/start.html\" target=\"_self\">Kom\u00e1rno<\/a>, <a href=\"https:\/\/ www.sturovo.sk\/\" target=\"_self\">\u0160t\u00farovo<\/a>, de a t\u00f6rt\u00e9nelmi v\u00e1ros <a href=\"https:\/\/www.esztergom.hu\/\" target=\"_self\">Esztergom<\/a> is a magyar szomsz\u00e9dainkn\u00e1l.<\/p>\r\n\r\n<\/div><\/div><\/div>\r\n\r\n<div class=\"gb-grid-column gb-grid-column-b910f0a6\"><div class=\"gb-container gb-container-b910f0a6\"><div class=\"gb-inside-container\">\r\n\r\n<div class=\"gb-grid-wrapper gb-grid-wrapper-709d528a gb-query-loop-wrapper\">\r\n<div class=\"gb-grid-column gb-grid-column-fe545ecc gb-query-loop-item post-1372 post type-post status-publish format-standard has-post-thumbnail hentry category-tip-mesto\"><div class=\"gb-container gb-container-fe545ecc\"><div class=\"gb-inside-container\">\r\n<figure class=\"gb-block-image gb-block-image-aebb0c6e\"><img loading=\"lazy\" decoding=\"async\" width=\"1024\" height=\"576\" src=\"https:\/\/goldenbeachapartment.sk\/wp-content\/uploads\/2022\/10\/golden-beatch-apartman-helemba-komarno-cover.jpg\" class=\"gb-image-aebb0c6e\" alt=\"golden beatch apartman helemba komarno cover\" srcset=\"https:\/\/goldenbeachapartment.sk\/wp-content\/uploads\/2022\/10\/golden-beatch-apartman-helemba-komarno-cover.jpg 1024w, https:\/\/goldenbeachapartment.sk\/wp-content\/uploads\/2022\/10\/golden-beatch-apartman-helemba-komarno-cover-300x169.jpg 300w, https:\/\/goldenbeachapartment.sk\/wp-content\/uploads\/2022\/10\/golden-beatch-apartman-helemba-komarno-cover-768x432.jpg 768w\" sizes=\"auto, (max-width: 1024px) 100vw, 1024px\" \/><\/figure>\r\n\r\n<h2 class=\"gb-headline gb-headline-eeda71f6 gb-headline-text\"><a href=\"https:\/\/goldenbeachapartment.sk\/hu\/komarno\/\">Kom\u00e1rno<\/a><\/h2>\r\n\r\n<div class=\"gb-headline gb-headline-68edd803 gb-headline-text\">Kom\u00e1rno (magyarul (R\u00e9v)Kom\u00e1rom, n\u00e9met\u00fcl Komorn, szerb\u00fcl \u041a\u043e\u043c\u043e\u0440\u0430\u043d (komor\u00e1n), latinul Camarum, Comaromium) szlov\u00e1k j\u00e1r\u00e1si v\u00e1ros a Nyitrai ker\u00fcletben. Magyar szomsz\u00e9dainknak ... <a title=\"Kom\u00e1rno\" class=\"read-more\" href=\"https:\/\/goldenbeachapartment.sk\/hu\/komarno\/\" aria-label=\"Read more about Kom\u00e1rno\">Tov\u00e1bb olvas &gt;&gt;<\/a><\/div>\r\n<\/div><\/div><\/div>\r\n\r\n<div class=\"gb-grid-column gb-grid-column-fe545ecc gb-query-loop-item post-1366 post type-post status-publish format-standard has-post-thumbnail hentry category-tip-mesto\"><div class=\"gb-container gb-container-fe545ecc\"><div class=\"gb-inside-container\">\r\n<figure class=\"gb-block-image gb-block-image-aebb0c6e\"><img loading=\"lazy\" decoding=\"async\" width=\"1200\" height=\"675\" src=\"https:\/\/goldenbeachapartment.sk\/wp-content\/uploads\/2022\/10\/golden-beatch-apartman-helemba-sturovo-cover.jpg\" class=\"gb-image-aebb0c6e\" alt=\"golden beatch apartman helemba sturovo cover\" srcset=\"https:\/\/goldenbeachapartment.sk\/wp-content\/uploads\/2022\/10\/golden-beatch-apartman-helemba-sturovo-cover.jpg 1200w, https:\/\/goldenbeachapartment.sk\/wp-content\/uploads\/2022\/10\/golden-beatch-apartman-helemba-sturovo-cover-300x169.jpg 300w, https:\/\/goldenbeachapartment.sk\/wp-content\/uploads\/2022\/10\/golden-beatch-apartman-helemba-sturovo-cover-1024x576.jpg 1024w, https:\/\/goldenbeachapartment.sk\/wp-content\/uploads\/2022\/10\/golden-beatch-apartman-helemba-sturovo-cover-768x432.jpg 768w\" sizes=\"auto, (max-width: 1200px) 100vw, 1200px\" \/><\/figure>\r\n\r\n<h2 class=\"gb-headline gb-headline-eeda71f6 gb-headline-text\"><a href=\"https:\/\/goldenbeachapartment.sk\/hu\/sturovo\/\">\u0160t\u00farovo<\/a><\/h2>\r\n\r\n<div class=\"gb-headline gb-headline-68edd803 gb-headline-text\">\u0160t\u00farovo (r\u00e9gi nev\u00e9n Parkan, magyarul P\u00e1rk\u00e1ny, n\u00e9met\u00fcl Gockern) v\u00e1ros Szlov\u00e1ki\u00e1ban, az \u00c9rsek\u00fajv\u00e1ri j\u00e1r\u00e1s\u00e1ban, amely a Nyitrai r\u00e9gi\u00f3hoz tartozik... <a title=\"\u0160t\u00farovo\" class=\"read-more\" href=\"https:\/\/goldenbeachapartment.sk\/hu\/sturovo\/\" aria-label=\"Read more about \u0160t\u00farovo\">Tov\u00e1bb olvas &gt;&gt;<\/a><\/div>\r\n<\/div><\/div><\/div>\r\n<\/div>\r\n\r\n<\/div><\/div><\/div>\r\n<\/div>\r\n<\/div><\/div>\r\n\r\n<div class=\"gb-container gb-container-fd04825c\"><div class=\"gb-inside-container\">\r\n<div class=\"gb-grid-wrapper gb-grid-wrapper-fef896f3\">\r\n<div class=\"gb-grid-column gb-grid-column-f2f870eb\"><div class=\"gb-container gb-container-f2f870eb\"><div class=\"gb-inside-container\">\r\n\r\n<h2 class=\"gb-headline gb-headline-d954f690 gb-headline-text\">Tippek szabadid\u0151s tev\u00e9kenys\u00e9gekhez<\/h2>\r\n\r\n\r\n\r\n<p class=\"translation-block\">Minden csak az \u00d6n ig\u00e9nyeit\u0151l f\u00fcgg, hogy a nyaral\u00e1s vagy egy szabad h\u00e9tv\u00e9ge alatt hogyan szeretn\u00e9 elt\u00f6lteni szabadidej\u00e9t. A Golden Beach apartman minden bizonnyal vonz\u00f3 lesz a horg\u00e1szat szerelmeseinek is, akik szint\u00e9n \u00e9lvezni fogj\u00e1k a k\u00f6rny\u00e9ket, ahogy a t\u00far\u00e1z\u00f3k, ker\u00e9kp\u00e1rosok, fut\u00f3k, vagy csak a term\u00e9szet szerelmesei .<\/p>\r\n\r\n<\/div><\/div><\/div>\r\n\r\n<div class=\"gb-grid-column gb-grid-column-54b769b2\"><div class=\"gb-container gb-container-54b769b2\"><div class=\"gb-inside-container\">\r\n\r\n<div class=\"gb-grid-wrapper gb-grid-wrapper-e6515286 gb-query-loop-wrapper\">\r\n<div class=\"gb-grid-column gb-grid-column-f4242a17 gb-query-loop-item post-1376 post type-post status-publish format-standard has-post-thumbnail hentry category-tipy-vylet\"><div class=\"gb-container gb-container-f4242a17\"><div class=\"gb-inside-container\">\r\n<figure class=\"gb-block-image gb-block-image-36c0ebd5\"><img loading=\"lazy\" decoding=\"async\" width=\"300\" height=\"169\" src=\"https:\/\/goldenbeachapartment.sk\/wp-content\/uploads\/2022\/10\/golden-beatch-apartman-helemba-cyklistika-cover-300x169.jpg\" class=\"gb-image-36c0ebd5\" alt=\"golden beach apartman helemba kerekparozas cover\" srcset=\"https:\/\/goldenbeachapartment.sk\/wp-content\/uploads\/2022\/10\/golden-beatch-apartman-helemba-cyklistika-cover-300x169.jpg 300w, https:\/\/goldenbeachapartment.sk\/wp-content\/uploads\/2022\/10\/golden-beatch-apartman-helemba-cyklistika-cover-1024x576.jpg 1024w, https:\/\/goldenbeachapartment.sk\/wp-content\/uploads\/2022\/10\/golden-beatch-apartman-helemba-cyklistika-cover-768x432.jpg 768w, https:\/\/goldenbeachapartment.sk\/wp-content\/uploads\/2022\/10\/golden-beatch-apartman-helemba-cyklistika-cover.jpg 1170w\" sizes=\"auto, (max-width: 300px) 100vw, 300px\" \/><\/figure>\r\n\r\n<h2 class=\"gb-headline gb-headline-f9c8c110 gb-headline-text\"><a href=\"https:\/\/goldenbeachapartment.sk\/hu\/cyklistika\/\">Ker\u00e9kp\u00e1roz\u00e1s<\/a><\/h2>\r\n\r\n<div class=\"gb-headline gb-headline-1ba5dbb3 gb-headline-text\">A Golden Beach Apartment k\u00f6zel\u00e9ben tal\u00e1lhat\u00f3 a Duna menti ker\u00e9kp\u00e1r\u00fat (n\u00e9met\u00fcl: Donauradweg), amely nemcsak Szlov\u00e1kia, hanem Eur\u00f3pa egyik legismertebb \u00e9s legl\u00e1togatottabb ker\u00e9kp\u00e1r\u00fatja... <a title=\"Ker\u00e9kp\u00e1roz\u00e1s\" class=\"read-more\" href=\"https:\/\/goldenbeachapartment.sk\/hu\/cyklistika\/\" aria-label=\"Read more about Cyklistika\">Tov\u00e1bb olvas &gt;&gt;<\/a><\/div>\r\n<\/div><\/div><\/div>\r\n\r\n<div class=\"gb-grid-column gb-grid-column-f4242a17 gb-query-loop-item post-1374 post type-post status-publish format-standard has-post-thumbnail hentry category-tipy-vylet\"><div class=\"gb-container gb-container-f4242a17\"><div class=\"gb-inside-container\">\r\n<figure class=\"gb-block-image gb-block-image-36c0ebd5\"><img loading=\"lazy\" decoding=\"async\" width=\"300\" height=\"200\" src=\"https:\/\/goldenbeachapartment.sk\/wp-content\/uploads\/2022\/10\/Golden-Beach-Apartment-pri-Dunaji-Chlaba-300x200.jpg\" class=\"gb-image-36c0ebd5\" alt=\"Golden Beach Apartment pri Dunaji Chlaba\" srcset=\"https:\/\/goldenbeachapartment.sk\/wp-content\/uploads\/2022\/10\/Golden-Beach-Apartment-pri-Dunaji-Chlaba-300x200.jpg 300w, https:\/\/goldenbeachapartment.sk\/wp-content\/uploads\/2022\/10\/Golden-Beach-Apartment-pri-Dunaji-Chlaba-768x513.jpg 768w, https:\/\/goldenbeachapartment.sk\/wp-content\/uploads\/2022\/10\/Golden-Beach-Apartment-pri-Dunaji-Chlaba.jpg 1004w\" sizes=\"auto, (max-width: 300px) 100vw, 300px\" \/><\/figure>\r\n\r\n<h2 class=\"gb-headline gb-headline-f9c8c110 gb-headline-text\"><a href=\"https:\/\/goldenbeachapartment.sk\/hu\/rybolov\/\">Hal\u00e1szat<\/a><\/h2>\r\n\r\n<div class=\"gb-headline gb-headline-1ba5dbb3 gb-headline-text\">A ter\u00fclet neve, amelybe a Golden Beach Apartman ter\u00fclete is tartozik a Duna 1 sz\u00e1m alatt a ter\u00fclet sz\u00e1ma 2-0480-1-1. Az Ipoly foly\u00f3 torkolat\u00e1t\u00f3l (1708. km) a Duna ... <a title=\"Hal\u00e1szat\" class=\"read-more\" href=\"https:\/\/goldenbeachapartment.sk\/hu\/rybolov\/\" aria-label=\"Read more about Rybolov\">Tov\u00e1bb olvas &gt;&gt;<\/a><\/div>\r\n<\/div><\/div><\/div>\r\n<\/div>\r\n\r\n<\/div><\/div><\/div>\r\n<\/div>\r\n<\/div><div class=\"gb-shapes\"><div class=\"gb-shape gb-shape-1\"><svg xmlns=\"http:\/\/www.w3.org\/2000\/svg\" viewbox=\"0 0 1200 137.6\" preserveaspectratio=\"none\"><path d=\"M0 137.6h1200V21.9l-66.7 26.7c-66.7 26.7-200 80-333.3 66.7S533.3 21.9 400 4.2C266.7-13.9 133.3 31.1 66.7 53L0 75.3v62.3z\"\/><\/svg><\/div><div class=\"gb-shape gb-shape-2\"><svg xmlns=\"http:\/\/www.w3.org\/2000\/svg\" viewbox=\"0 0 1200 194.3\" preserveaspectratio=\"none\"><path d=\"M1200 133.3l-50 8.9c-50 8.6-150 26.9-250 31.1-100 4.2-200-4.2-300-26.7S400 89.2 300 62.2C200 35.8 100 17.5 50 8.9L0 0v194.3h1200v-61z\"\/><\/svg><\/div><\/div><\/div>\r\n\r\n<div class=\"gb-container gb-container-61b7b0cb\"><div class=\"gb-inside-container\">\r\n<div class=\"gb-grid-wrapper gb-grid-wrapper-fd86f7bc\">\r\n<div class=\"gb-grid-column gb-grid-column-252b1359\"><div class=\"gb-container gb-container-252b1359\"><div class=\"gb-inside-container\">\r\n\r\n<h2 class=\"gb-headline gb-headline-6520adc6 gb-headline-text\">Szabadid\u0151s tev\u00e9kenys\u00e9gek \u00e9vszakt\u00f3l f\u00fcgg\u0151en<\/h2>\r\n\r\n\r\n\r\n<p>A Golden Beach Apartment k\u00fcl\u00f6nlegess\u00e9ge \u00e9ppen a soksz\u00edn\u0171 kihaszn\u00e1lts\u00e1g\u00e1nak k\u00f6sz\u00f6nhet\u0151en minden \u00e9vszakban l\u00e1togathat\u00f3. Amennyiben m\u00e9gsem v\u00e1lasztana soksz\u00edn\u0171 k\u00fclt\u00e9ri programok, vagy helysz\u00ednek k\u00f6z\u00fcl m\u00e9g mindig ott a lehet\u0151s\u00e9g, hogy teljes k\u00f6r\u0171en kihaszn\u00e1lja a belt\u00e9r lehet\u0151s\u00e9geit mint p\u00e9ld\u00e1ul az exkluz\u00edv f\u00fcrd\u0151k\u00e1dat, vagy elektromos kandall\u00f3 adta f\u00e9nyt \u00e9s meleget egy hidegebb ny\u00e1ri est\u00e9n vagy ak\u00e1r t\u00e9len. Amennyiben a horg\u00e1szat szerelmesei k\u00f6z\u00e9 tartozik, csup\u00e1n n\u00e9h\u00e1ny m\u00e9tert kell megtennie, hogy bedobhassa a csalit hiszen a Dunapart sz\u00f3 szerint a l\u00e1bai el\u0151tt fekszik. Ez\u00e9rt is d\u00f6nt\u00f6tt\u00fcnk \u00fagy, hogy \u00e9vszakok szerint mutatjuk be a szabadid\u0151s tev\u00e9kenys\u00e9gek lehet\u0151s\u00e9g\u00e9t az apartman k\u00f6rny\u00e9k\u00e9n:<\/p>\r\n\r\n\r\n\r\n<div class=\"gb-grid-wrapper gb-grid-wrapper-b1dd5f41 gb-query-loop-wrapper\">\r\n<div class=\"gb-grid-column gb-grid-column-917f8e3d gb-query-loop-item post-1352 post type-post status-publish format-standard has-post-thumbnail hentry category-rocne-obdobie\"><div class=\"gb-container gb-container-917f8e3d\"><div class=\"gb-inside-container\">\r\n<figure class=\"gb-block-image gb-block-image-25ad4015\"><img loading=\"lazy\" decoding=\"async\" width=\"300\" height=\"300\" src=\"https:\/\/goldenbeachapartment.sk\/wp-content\/uploads\/2022\/10\/Golden-Beach-Apartment-jar-pri-Dunaji_03-300x300.jpg\" class=\"gb-image-25ad4015\" alt=\"Golden Beach Apartment jar pri Dunaji 03\" srcset=\"https:\/\/goldenbeachapartment.sk\/wp-content\/uploads\/2022\/10\/Golden-Beach-Apartment-jar-pri-Dunaji_03-300x300.jpg 300w, https:\/\/goldenbeachapartment.sk\/wp-content\/uploads\/2022\/10\/Golden-Beach-Apartment-jar-pri-Dunaji_03-1024x1022.jpg 1024w, https:\/\/goldenbeachapartment.sk\/wp-content\/uploads\/2022\/10\/Golden-Beach-Apartment-jar-pri-Dunaji_03-150x150.jpg 150w, https:\/\/goldenbeachapartment.sk\/wp-content\/uploads\/2022\/10\/Golden-Beach-Apartment-jar-pri-Dunaji_03-768x767.jpg 768w, https:\/\/goldenbeachapartment.sk\/wp-content\/uploads\/2022\/10\/Golden-Beach-Apartment-jar-pri-Dunaji_03.jpg 1080w\" sizes=\"auto, (max-width: 300px) 100vw, 300px\" \/><\/figure>\r\n\r\n<h2 class=\"gb-headline gb-headline-87aa2077 gb-headline-text\"><a href=\"https:\/\/goldenbeachapartment.sk\/hu\/jarna-dovolenka\/\">Tavaszi kir\u00e1ndul\u00e1s<\/a><\/h2>\r\n\r\n<div class=\"gb-headline gb-headline-ff55e3d9 gb-headline-text translation-block\">A tavasz jellegzetess\u00e9ge a term\u00e9szet \u00e9bred\u00e9se. Mivel az apartmant\u00f3l a term\u00e9szet csak egy karny\u00fajt\u00e1snyira van, els\u0151 sorb\u00f3l \u00e9lvezhetik a z\u00f6ldell\u0151 f\u00e1k, csiripel\u0151 madarak \u00e9s a Duna hull\u00e1mz\u00e1s\u00e1nak hangj\u00e1t. \u2026 <a title=\"Jarn\u00e1 dovolenka\" class=\"read-more\" href=\"https:\/\/goldenbeachapartment.sk\/hu\/jarna-dovolenka\/\" aria-label=\"More on Kom\u00e1rno\" data-no-translation-aria-label=\"\" data-trpgettextoriginal-aria-label=\"48\" target=\"_self\">Tov\u00e1bb olvas &gt;&gt;<\/a><\/div>\r\n<\/div><\/div><\/div>\r\n\r\n<div class=\"gb-grid-column gb-grid-column-917f8e3d gb-query-loop-item post-1350 post type-post status-publish format-standard has-post-thumbnail hentry category-rocne-obdobie\"><div class=\"gb-container gb-container-917f8e3d\"><div class=\"gb-inside-container\">\r\n<figure class=\"gb-block-image gb-block-image-25ad4015\"><img loading=\"lazy\" decoding=\"async\" width=\"300\" height=\"225\" src=\"https:\/\/goldenbeachapartment.sk\/wp-content\/uploads\/2022\/09\/golden-beach-apartment-chlaba-zima-pri-dunaji_07-300x225.jpg\" class=\"gb-image-25ad4015\" alt=\"golden beach apartment chlaba zima pri dunaji 07\" srcset=\"https:\/\/goldenbeachapartment.sk\/wp-content\/uploads\/2022\/09\/golden-beach-apartment-chlaba-zima-pri-dunaji_07-300x225.jpg 300w, https:\/\/goldenbeachapartment.sk\/wp-content\/uploads\/2022\/09\/golden-beach-apartment-chlaba-zima-pri-dunaji_07.jpg 500w\" sizes=\"auto, (max-width: 300px) 100vw, 300px\" \/><\/figure>\r\n\r\n<h2 class=\"gb-headline gb-headline-87aa2077 gb-headline-text\"><a href=\"https:\/\/goldenbeachapartment.sk\/hu\/zimna-dovolenka\/\">T\u00e9li kir\u00e1ndul\u00e1s<\/a><\/h2>\r\n\r\n<div class=\"gb-headline gb-headline-ff55e3d9 gb-headline-text\">El tudja k\u00e9pzelni, milyen mikor a friss h\u00f3 hull a Duna vizfelsz\u00edn\u00e9re \u00e9s a partmenti f\u00e1k lombkoron\u00e1it h\u00f3 fedi ? A t\u00e9li id\u0151szak a Golden Beach Apartmanban nagyon sz\u00e9ls\u0151s\u00e9ges lehet, <a title=\"T\u00e9li kir\u00e1ndul\u00e1s\" class=\"read-more\" href=\"https:\/\/goldenbeachapartment.sk\/hu\/zimna-dovolenka\/\" aria-label=\"Read more about Zimn\u00e1 dovolenka\">Tov\u00e1bb olvas &gt;&gt;<\/a><\/div>\r\n<\/div><\/div><\/div>\r\n\r\n<div class=\"gb-grid-column gb-grid-column-917f8e3d gb-query-loop-item post-1338 post type-post status-publish format-standard has-post-thumbnail hentry category-rocne-obdobie\"><div class=\"gb-container gb-container-917f8e3d\"><div class=\"gb-inside-container\">\r\n<figure class=\"gb-block-image gb-block-image-25ad4015\"><img loading=\"lazy\" decoding=\"async\" width=\"300\" height=\"300\" src=\"https:\/\/goldenbeachapartment.sk\/wp-content\/uploads\/2022\/10\/Golden-Beach-Apartment-pri-Dunaji-jesen_05-300x300.jpg\" class=\"gb-image-25ad4015\" alt=\"Golden Beach Apartment pri Dunaji jesen 05\" srcset=\"https:\/\/goldenbeachapartment.sk\/wp-content\/uploads\/2022\/10\/Golden-Beach-Apartment-pri-Dunaji-jesen_05-300x300.jpg 300w, https:\/\/goldenbeachapartment.sk\/wp-content\/uploads\/2022\/10\/Golden-Beach-Apartment-pri-Dunaji-jesen_05-1024x1024.jpg 1024w, https:\/\/goldenbeachapartment.sk\/wp-content\/uploads\/2022\/10\/Golden-Beach-Apartment-pri-Dunaji-jesen_05-150x150.jpg 150w, https:\/\/goldenbeachapartment.sk\/wp-content\/uploads\/2022\/10\/Golden-Beach-Apartment-pri-Dunaji-jesen_05-768x768.jpg 768w, https:\/\/goldenbeachapartment.sk\/wp-content\/uploads\/2022\/10\/Golden-Beach-Apartment-pri-Dunaji-jesen_05.jpg 1347w\" sizes=\"auto, (max-width: 300px) 100vw, 300px\" \/><\/figure>\r\n\r\n<h2 class=\"gb-headline gb-headline-87aa2077 gb-headline-text\"><a href=\"https:\/\/goldenbeachapartment.sk\/hu\/jesenna-dovolenka\/\">\u0150szi kir\u00e1ndul\u00e1s<\/a><\/h2>\r\n\r\n<div class=\"gb-headline gb-headline-ff55e3d9 gb-headline-text\">Biztos sokan egyet\u00e9rtenek vel\u00fcnk, ha azt mondjuk az \u0151sznek is megvan a maga var\u00e1zsa Biztos sokan egyet\u00e9rtenek vel\u00fcnk, ha azt mondjuk az \u0151sznek is megvan a maga var\u00e1zsa. <a title=\"\u0150szi kir\u00e1ndul\u00e1s\" class=\"read-more\" href=\"https:\/\/goldenbeachapartment.sk\/hu\/jesenna-dovolenka\/\" aria-label=\"Read more about Jesenn\u00e1 dovolenka\">Tov\u00e1bb olvas &gt;&gt;<\/a><\/div>\r\n<\/div><\/div><\/div>\r\n\r\n<div class=\"gb-grid-column gb-grid-column-917f8e3d gb-query-loop-item post-1333 post type-post status-publish format-standard has-post-thumbnail hentry category-rocne-obdobie\"><div class=\"gb-container gb-container-917f8e3d\"><div class=\"gb-inside-container\">\r\n<figure class=\"gb-block-image gb-block-image-25ad4015\"><img loading=\"lazy\" decoding=\"async\" width=\"300\" height=\"168\" src=\"https:\/\/goldenbeachapartment.sk\/wp-content\/uploads\/2022\/09\/golden-beach-apartment-chlaba-leto-pri-dunaji_20-300x168.jpg\" class=\"gb-image-25ad4015\" alt=\"golden beach apartment chlaba leto pri dunaji 20\" srcset=\"https:\/\/goldenbeachapartment.sk\/wp-content\/uploads\/2022\/09\/golden-beach-apartment-chlaba-leto-pri-dunaji_20-300x168.jpg 300w, https:\/\/goldenbeachapartment.sk\/wp-content\/uploads\/2022\/09\/golden-beach-apartment-chlaba-leto-pri-dunaji_20-768x431.jpg 768w, https:\/\/goldenbeachapartment.sk\/wp-content\/uploads\/2022\/09\/golden-beach-apartment-chlaba-leto-pri-dunaji_20.jpg 900w\" sizes=\"auto, (max-width: 300px) 100vw, 300px\" \/><\/figure>\r\n\r\n<h2 class=\"gb-headline gb-headline-87aa2077 gb-headline-text\"><a href=\"https:\/\/goldenbeachapartment.sk\/hu\/letna-dovolenka\/\">Ny\u00e1ri kir\u00e1ndul\u00e1s<\/a><\/h2>\r\n\r\n<div class=\"gb-headline gb-headline-ff55e3d9 gb-headline-text\">\u00d6n is azok k\u00f6z\u00e9 az emberek k\u00f6z\u00e9 tartozik, aki eg\u00e9sz \u00e9vben a ny\u00e1ri szabads\u00e1gra k\u00e9sz\u00fcl? Vagy ink\u00e1bb amolyan intuit\u00edv t\u00edpus \u00e9s pillanatok alatt v\u00e1lasztja ki azt a helyet, ahol szabadnapjait t\u00f6lti? <a title=\"Ny\u00e1ri kir\u00e1ndul\u00e1s\" class=\"read-more\" href=\"https:\/\/goldenbeachapartment.sk\/hu\/letna-dovolenka\/\" aria-label=\"Read more about Letn\u00e1 dovolenka\">Tov\u00e1bb olvas &gt;&gt;<\/a><\/div>\r\n<\/div><\/div><\/div>\r\n<\/div>\r\n\r\n<\/div><\/div><\/div>\r\n<\/div>\r\n<\/div><\/div>","protected":false},"excerpt":{"rendered":"","protected":false},"author":1,"featured_media":1368,"parent":0,"menu_order":4,"comment_status":"closed","ping_status":"closed","template":"","meta":{"_seopress_robots_primary_cat":"","_seopress_titles_title":"Tipy na v\u00fdlet pri brehu Dunaja - Golden Beach Apartment","_seopress_titles_desc":"Apartm\u00e1n poskytuje svojim n\u00e1v\u0161tevn\u00edkom viac ako len ubytovanie. Vo\u013en\u00fd \u010das m\u00f4\u017eete pr\u00edjemne str\u00e1vi\u0165 turistikou, \u0161portov\u00fdmi aktivitami ale aj n\u00e1v\u0161tevou wellnessu a zauj\u00edmav\u00e9ho historick\u00e9ho mesta.","_seopress_robots_index":"","footnotes":""},"class_list":{"0":"post-1388","1":"page","2":"type-page","3":"status-publish","4":"has-post-thumbnail","6":"no-featured-image-padding"},"_links":{"self":[{"href":"https:\/\/goldenbeachapartment.sk\/hu\/wp-json\/wp\/v2\/pages\/1388","targetHints":{"allow":["GET"]}}],"collection":[{"href":"https:\/\/goldenbeachapartment.sk\/hu\/wp-json\/wp\/v2\/pages"}],"about":[{"href":"https:\/\/goldenbeachapartment.sk\/hu\/wp-json\/wp\/v2\/types\/page"}],"author":[{"embeddable":true,"href":"https:\/\/goldenbeachapartment.sk\/hu\/wp-json\/wp\/v2\/users\/1"}],"replies":[{"embeddable":true,"href":"https:\/\/goldenbeachapartment.sk\/hu\/wp-json\/wp\/v2\/comments?post=1388"}],"version-history":[{"count":0,"href":"https:\/\/goldenbeachapartment.sk\/hu\/wp-json\/wp\/v2\/pages\/1388\/revisions"}],"wp:featuredmedia":[{"embeddable":true,"href":"https:\/\/goldenbeachapartment.sk\/hu\/wp-json\/wp\/v2\/media\/1368"}],"wp:attachment":[{"href":"https:\/\/goldenbeachapartment.sk\/hu\/wp-json\/wp\/v2\/media?parent=1388"}],"curies":[{"name":"wp","href":"https:\/\/api.w.org\/{rel}","templated":true}]}}