{"id":14,"date":"2021-05-30T18:26:56","date_gmt":"2021-05-30T16:26:56","guid":{"rendered":"https:\/\/crypto.wordifysites.com\/?page_id=14"},"modified":"2022-11-20T23:18:59","modified_gmt":"2022-11-20T22:18:59","slug":"szallas","status":"publish","type":"page","link":"https:\/\/goldenbeachapartment.sk\/hu\/ubytovanie-apartman\/","title":{"rendered":"Apartman \/ Sz\u00e1ll\u00e1s"},"content":{"rendered":"<div class=\"gb-container gb-container-fdbd6300\"><div class=\"gb-inside-container\">\r\n<div class=\"gb-grid-wrapper gb-grid-wrapper-126af6dc\">\r\n<div class=\"gb-grid-column gb-grid-column-5301afbb\"><div class=\"gb-container gb-container-5301afbb\"><div class=\"gb-inside-container\">\r\n\r\n<h2 class=\"gb-headline gb-headline-332f0262 gb-headline-text translation-block\">Csal\u00e1di apartman <br>Golden Beach apartman<\/h2>\r\n\r\n\r\n\r\n<p class=\"translation-block\">A Golden Beach Apartment \u00fcd\u00fcl\u0151h\u00e1z <a href=\"https:\/\/www.chlaba.sk\/\" target=\"_self\">Helemb\u00e1t\u00f3l <\/a>n\u00e9h\u00e1ny kilom\u00e9terre tal\u00e1lhat\u00f3 \u00e9s k\u00fcl\u00f6nleges sz\u00e1ll\u00e1shelyet biztos\u00edt zavartalan kil\u00e1t\u00e1ssal a Dun\u00e1ra, ahol ingyenes Wi-Fi-vel \u00e9s mag\u00e1nstranddal, valamint terasszal v\u00e1rjuk \u00d6nt. A kellemes id\u0151t\u00f6lt\u00e9s lehet\u0151s\u00e9ge itt ak\u00e1r a nyaral\u00e1s ak\u00e1r egy hossz\u00fa h\u00e9tv\u00e9ge alatt val\u00f3ban v\u00e9gtelen. Az apartman egy h\u00e1l\u00f3szob\u00e1b\u00f3l, konyh\u00e1b\u00f3l, \u00e9tkez\u0151b\u0151l, nappalib\u00f3l \u00e9s f\u00fcrd\u0151szob\u00e1b\u00f3l \u00e1ll, \u00e9s maximum 4 f\u0151 elsz\u00e1ll\u00e1sol\u00e1s\u00e1ra alkalmas. Az apartmanhoz tartozik egy parkol\u00f3 is, ahonnan csak p\u00e1r l\u00e9p\u00e9s a sz\u00e1ll\u00e1s.<\/p>\r\n\r\n\r\n<div class=\"gb-grid-wrapper gb-grid-wrapper-1c5e97b3\">\r\n<div class=\"gb-grid-column gb-grid-column-dc6138f0\"><div class=\"gb-container gb-container-dc6138f0\"><div class=\"gb-inside-container\">\r\n<div class=\"gb-container gb-container-c50678d7\"><div class=\"gb-inside-container\">\r\n\r\n<h3 class=\"gb-headline gb-headline-e2b9bf4b gb-headline-text\">Szob\u00e1k<\/h3>\r\n\r\n\r\n\r\n<p>\u00e1ll\u00edthat\u00f3 elektromos francia\u00e1gy, b\u0151r sz\u00e9th\u00fazhat\u00f3 kanap\u00e9, bio kandall\u00f3, \u00f6sszecsukhat\u00f3 \u00e9tkez\u0151asztal, b\u0151r sz\u00e9kek, nagy francia ablakok kil\u00e1t\u00e1ssal a Dun\u00e1ra<\/p>\r\n\r\n<\/div><\/div>\r\n\r\n<div class=\"gb-container gb-container-01664691\"><div class=\"gb-inside-container\">\r\n\r\n<h3 class=\"gb-headline gb-headline-d050a493 gb-headline-text\">Belt\u00e9r<\/h3>\r\n\r\n\r\n\r\n<p>20 hekt\u00e1ros telek, 40 m\u00b2-es lak\u00e1s, terasz - szabadt\u00e9ri \u00e9tkez\u00e9sre alkalmas, parkol\u00f3, strand - apartman k\u00f6zvetlen\u00fcl a strand mellett, grillez\u00e9si lehet\u0151s\u00e9g<\/p>\r\n\r\n<\/div><\/div>\r\n<\/div><\/div><\/div>\r\n\r\n<div class=\"gb-grid-column gb-grid-column-67a76f8f\"><div class=\"gb-container gb-container-67a76f8f\"><div class=\"gb-inside-container\">\r\n<div class=\"gb-container gb-container-bae99f0c\"><div class=\"gb-inside-container\">\r\n\r\n<h3 class=\"gb-headline gb-headline-4c786962 gb-headline-text\">F\u00fcrd\u0151szoba<\/h3>\r\n\r\n\r\n\r\n<p>luxus hidromassz\u00e1zs k\u00e1d, 2 szem\u00e9lyes mosd\u00f3, ruhasz\u00e1r\u00edt\u00f3, hajsz\u00e1r\u00edt\u00f3, t\u00f6r\u00f6lk\u00f6z\u0151k, toalett, wc pap\u00edr<\/p>\r\n\r\n<\/div><\/div>\r\n\r\n<div class=\"gb-container gb-container-bdc52c44\"><div class=\"gb-inside-container\">\r\n\r\n<h3 class=\"gb-headline gb-headline-1787b9e8 gb-headline-text\">M\u00e9dia<\/h3>\r\n\r\n\r\n\r\n<p>LED telev\u00edzi\u00f3,  fizetett TV csatorn\u00e1k, WiFi kapcsolat<\/p>\r\n\r\n<\/div><\/div>\r\n\r\n<div class=\"gb-container gb-container-cc4010d0\"><div class=\"gb-inside-container\">\r\n\r\n<h3 class=\"gb-headline gb-headline-f3d048b4 gb-headline-text\">Konyha<\/h3>\r\n\r\n\r\n\r\n<p>k\u00e1v\u00e9f\u0151z\u0151 (t\u00f6k\u00e9letes k\u00e1v\u00e9!), h\u0171t\u0151szekr\u00e9ny, konyhai eszk\u00f6z\u00f6k, tiszt\u00edt\u00f3szerek, ev\u0151eszk\u00f6z\u00f6k, s\u00fct\u0151, indukci\u00f3s f\u0151z\u0151lap, elektromos v\u00edzforral\u00f3, mikrohull\u00e1m\u00fa s\u00fct\u0151<\/p>\r\n\r\n<\/div><\/div>\r\n<\/div><\/div><\/div>\r\n<\/div>\r\n\r\n<div class=\"gb-grid-wrapper gb-grid-wrapper-a605e37a\">\r\n<div class=\"gb-grid-column gb-grid-column-fc95fc96\"><div class=\"gb-container gb-container-fc95fc96\"><div class=\"gb-inside-container\">\r\n<div class=\"gb-button-wrapper gb-button-wrapper-bdb10f0f\">\r\n\r\n<a class=\"gb-button gb-button-0baac010\" href=\"https:\/\/goldenbeachapartment.sk\/hu\/apartman-beltere\/\"><span class=\"gb-button-text\">Interi\u00e9r<\/span><span class=\"gb-icon\"><svg aria-hidden=\"true\" role=\"img\" height=\"1em\" width=\"1em\" viewbox=\"0 0 256 512\" xmlns=\"http:\/\/www.w3.org\/2000\/svg\"><path fill=\"currentColor\" d=\"M224.3 273l-136 136c-9.4 9.4-24.6 9.4-33.9 0l-22.6-22.6c-9.4-9.4-9.4-24.6 0-33.9l96.4-96.4-96.4-96.4c-9.4-9.4-9.4-24.6 0-33.9L54.3 103c9.4-9.4 24.6-9.4 33.9 0l136 136c9.5 9.4 9.5 24.6.1 34z\"><\/path><\/svg><\/span><\/a>\r\n\r\n<\/div>\r\n<\/div><\/div><\/div>\r\n\r\n<div class=\"gb-grid-column gb-grid-column-66963a1a\"><div class=\"gb-container gb-container-66963a1a\"><div class=\"gb-inside-container\">\r\n<div class=\"gb-button-wrapper gb-button-wrapper-0b460195\">\r\n\r\n<a class=\"gb-button gb-button-bdf764a8\" href=\"https:\/\/goldenbeachapartment.sk\/hu\/apartman-kultere\/\"><span class=\"gb-button-text\">Belt\u00e9r<\/span><span class=\"gb-icon\"><svg aria-hidden=\"true\" role=\"img\" height=\"1em\" width=\"1em\" viewbox=\"0 0 256 512\" xmlns=\"http:\/\/www.w3.org\/2000\/svg\"><path fill=\"currentColor\" d=\"M224.3 273l-136 136c-9.4 9.4-24.6 9.4-33.9 0l-22.6-22.6c-9.4-9.4-9.4-24.6 0-33.9l96.4-96.4-96.4-96.4c-9.4-9.4-9.4-24.6 0-33.9L54.3 103c9.4-9.4 24.6-9.4 33.9 0l136 136c9.5 9.4 9.5 24.6.1 34z\"><\/path><\/svg><\/span><\/a>\r\n\r\n<\/div>\r\n<\/div><\/div><\/div>\r\n<\/div>\r\n<\/div><\/div><\/div>\r\n\r\n<div class=\"gb-grid-column gb-grid-column-b910f0a6\"><div class=\"gb-container gb-container-b910f0a6\"><div class=\"gb-inside-container\">\r\n\r\n<figure class=\"wp-block-gallery has-nested-images columns-default is-cropped wp-block-gallery-1 is-layout-flex wp-block-gallery-is-layout-flex\">\r\n<figure class=\"wp-block-image size-medium\"><a href=\"https:\/\/goldenbeachapartment.sk\/wp-content\/uploads\/2022\/10\/Golden-Beach-Apartment-ubytovanie-Sturovo-Vadas.jpg\"><img loading=\"lazy\" decoding=\"async\" width=\"260\" height=\"300\" data-id=\"1312\" src=\"https:\/\/goldenbeachapartment.sk\/wp-content\/uploads\/2022\/10\/Golden-Beach-Apartment-ubytovanie-Sturovo-Vadas-260x300.jpg\" alt=\"Golden Beach Apartment ubytovanie Sturovo Vadas\" class=\"wp-image-1312\" srcset=\"https:\/\/goldenbeachapartment.sk\/wp-content\/uploads\/2022\/10\/Golden-Beach-Apartment-ubytovanie-Sturovo-Vadas-260x300.jpg 260w, https:\/\/goldenbeachapartment.sk\/wp-content\/uploads\/2022\/10\/Golden-Beach-Apartment-ubytovanie-Sturovo-Vadas-768x887.jpg 768w, https:\/\/goldenbeachapartment.sk\/wp-content\/uploads\/2022\/10\/Golden-Beach-Apartment-ubytovanie-Sturovo-Vadas.jpg 792w\" sizes=\"auto, (max-width: 260px) 100vw, 260px\" \/><\/a><\/figure>\r\n\r\n\r\n\r\n<figure class=\"wp-block-image size-medium\"><a href=\"https:\/\/goldenbeachapartment.sk\/wp-content\/uploads\/2022\/10\/Golden-Beach-Apartment-ubytovanie-Sturovo-Vadas_03.jpg\"><img loading=\"lazy\" decoding=\"async\" width=\"300\" height=\"200\" data-id=\"1303\" src=\"https:\/\/goldenbeachapartment.sk\/wp-content\/uploads\/2022\/10\/Golden-Beach-Apartment-ubytovanie-Sturovo-Vadas_03-300x200.jpg\" alt=\"Golden Beach Apartment ubytovanie Sturovo Vadas 03\" class=\"wp-image-1303\" srcset=\"https:\/\/goldenbeachapartment.sk\/wp-content\/uploads\/2022\/10\/Golden-Beach-Apartment-ubytovanie-Sturovo-Vadas_03-300x200.jpg 300w, https:\/\/goldenbeachapartment.sk\/wp-content\/uploads\/2022\/10\/Golden-Beach-Apartment-ubytovanie-Sturovo-Vadas_03-768x513.jpg 768w, https:\/\/goldenbeachapartment.sk\/wp-content\/uploads\/2022\/10\/Golden-Beach-Apartment-ubytovanie-Sturovo-Vadas_03.jpg 1004w\" sizes=\"auto, (max-width: 300px) 100vw, 300px\" \/><\/a><\/figure>\r\n\r\n\r\n\r\n<figure class=\"wp-block-image size-medium\"><a href=\"https:\/\/goldenbeachapartment.sk\/wp-content\/uploads\/2022\/10\/Golden-Beach-Apartment-ubytovanie-Sturovo-Vadas_04.jpg\"><img loading=\"lazy\" decoding=\"async\" width=\"300\" height=\"200\" data-id=\"1304\" src=\"https:\/\/goldenbeachapartment.sk\/wp-content\/uploads\/2022\/10\/Golden-Beach-Apartment-ubytovanie-Sturovo-Vadas_04-300x200.jpg\" alt=\"Golden Beach Apartment ubytovanie Sturovo Vadas 04\" class=\"wp-image-1304\" srcset=\"https:\/\/goldenbeachapartment.sk\/wp-content\/uploads\/2022\/10\/Golden-Beach-Apartment-ubytovanie-Sturovo-Vadas_04-300x200.jpg 300w, https:\/\/goldenbeachapartment.sk\/wp-content\/uploads\/2022\/10\/Golden-Beach-Apartment-ubytovanie-Sturovo-Vadas_04-768x513.jpg 768w, https:\/\/goldenbeachapartment.sk\/wp-content\/uploads\/2022\/10\/Golden-Beach-Apartment-ubytovanie-Sturovo-Vadas_04.jpg 1004w\" sizes=\"auto, (max-width: 300px) 100vw, 300px\" \/><\/a><\/figure>\r\n\r\n\r\n\r\n<figure class=\"wp-block-image size-medium\"><a href=\"https:\/\/goldenbeachapartment.sk\/wp-content\/uploads\/2022\/10\/Golden-Beach-Apartment-pri-Dunaji-Chlaba_16.jpg\"><img loading=\"lazy\" decoding=\"async\" width=\"295\" height=\"300\" data-id=\"1317\" src=\"https:\/\/goldenbeachapartment.sk\/wp-content\/uploads\/2022\/10\/Golden-Beach-Apartment-pri-Dunaji-Chlaba_16-295x300.jpg\" alt=\"Golden Beach Apartment pri Dunaji Chlaba 16\" class=\"wp-image-1317\" srcset=\"https:\/\/goldenbeachapartment.sk\/wp-content\/uploads\/2022\/10\/Golden-Beach-Apartment-pri-Dunaji-Chlaba_16-295x300.jpg 295w, https:\/\/goldenbeachapartment.sk\/wp-content\/uploads\/2022\/10\/Golden-Beach-Apartment-pri-Dunaji-Chlaba_16-768x782.jpg 768w, https:\/\/goldenbeachapartment.sk\/wp-content\/uploads\/2022\/10\/Golden-Beach-Apartment-pri-Dunaji-Chlaba_16.jpg 966w\" sizes=\"auto, (max-width: 295px) 100vw, 295px\" \/><\/a><\/figure>\r\n\r\n\r\n\r\n<figure class=\"wp-block-image size-medium\"><a href=\"https:\/\/goldenbeachapartment.sk\/wp-content\/uploads\/2022\/10\/Golden-Beach-Apartment-ubytovanie-Sturovo-Vadas_02.jpg\"><img loading=\"lazy\" decoding=\"async\" width=\"260\" height=\"300\" data-id=\"1302\" src=\"https:\/\/goldenbeachapartment.sk\/wp-content\/uploads\/2022\/10\/Golden-Beach-Apartment-ubytovanie-Sturovo-Vadas_02-260x300.jpg\" alt=\"Golden Beach Apartment ubytovanie Sturovo Vadas 02\" class=\"wp-image-1302\" srcset=\"https:\/\/goldenbeachapartment.sk\/wp-content\/uploads\/2022\/10\/Golden-Beach-Apartment-ubytovanie-Sturovo-Vadas_02-260x300.jpg 260w, https:\/\/goldenbeachapartment.sk\/wp-content\/uploads\/2022\/10\/Golden-Beach-Apartment-ubytovanie-Sturovo-Vadas_02-768x887.jpg 768w, https:\/\/goldenbeachapartment.sk\/wp-content\/uploads\/2022\/10\/Golden-Beach-Apartment-ubytovanie-Sturovo-Vadas_02.jpg 792w\" sizes=\"auto, (max-width: 260px) 100vw, 260px\" \/><\/a><\/figure>\r\n\r\n\r\n\r\n<figure class=\"wp-block-image size-medium\"><a href=\"https:\/\/goldenbeachapartment.sk\/wp-content\/uploads\/2022\/10\/Golden-Beach-Apartment-ubytovanie-Sturovo-Vadas_11.jpg\"><img loading=\"lazy\" decoding=\"async\" width=\"300\" height=\"220\" data-id=\"1311\" src=\"https:\/\/goldenbeachapartment.sk\/wp-content\/uploads\/2022\/10\/Golden-Beach-Apartment-ubytovanie-Sturovo-Vadas_11-300x220.jpg\" alt=\"Golden Beach Apartment ubytovanie Sturovo Vadas 11\" class=\"wp-image-1311\" srcset=\"https:\/\/goldenbeachapartment.sk\/wp-content\/uploads\/2022\/10\/Golden-Beach-Apartment-ubytovanie-Sturovo-Vadas_11-300x220.jpg 300w, https:\/\/goldenbeachapartment.sk\/wp-content\/uploads\/2022\/10\/Golden-Beach-Apartment-ubytovanie-Sturovo-Vadas_11-1024x749.jpg 1024w, https:\/\/goldenbeachapartment.sk\/wp-content\/uploads\/2022\/10\/Golden-Beach-Apartment-ubytovanie-Sturovo-Vadas_11-768x562.jpg 768w, https:\/\/goldenbeachapartment.sk\/wp-content\/uploads\/2022\/10\/Golden-Beach-Apartment-ubytovanie-Sturovo-Vadas_11.jpg 1200w\" sizes=\"auto, (max-width: 300px) 100vw, 300px\" \/><\/a><\/figure>\r\n\r\n\r\n\r\n<figure class=\"wp-block-image size-medium\"><a href=\"https:\/\/goldenbeachapartment.sk\/wp-content\/uploads\/2022\/10\/Golden-Beach-Apartment-ubytovanie-pri-Dunaji_03.jpg\"><img loading=\"lazy\" decoding=\"async\" width=\"300\" height=\"105\" data-id=\"1291\" src=\"https:\/\/goldenbeachapartment.sk\/wp-content\/uploads\/2022\/10\/Golden-Beach-Apartment-ubytovanie-pri-Dunaji_03-300x105.jpg\" alt=\"Golden Beach Apartment ubytovanie pri Dunaji 03\" class=\"wp-image-1291\" srcset=\"https:\/\/goldenbeachapartment.sk\/wp-content\/uploads\/2022\/10\/Golden-Beach-Apartment-ubytovanie-pri-Dunaji_03-300x105.jpg 300w, https:\/\/goldenbeachapartment.sk\/wp-content\/uploads\/2022\/10\/Golden-Beach-Apartment-ubytovanie-pri-Dunaji_03-1024x357.jpg 1024w, https:\/\/goldenbeachapartment.sk\/wp-content\/uploads\/2022\/10\/Golden-Beach-Apartment-ubytovanie-pri-Dunaji_03-768x268.jpg 768w, https:\/\/goldenbeachapartment.sk\/wp-content\/uploads\/2022\/10\/Golden-Beach-Apartment-ubytovanie-pri-Dunaji_03.jpg 1200w\" sizes=\"auto, (max-width: 300px) 100vw, 300px\" \/><\/a><\/figure>\r\n\r\n\r\n\r\n<figure class=\"wp-block-image size-medium\"><a href=\"https:\/\/goldenbeachapartment.sk\/wp-content\/uploads\/2022\/10\/Golden-Beach-Apartment-ubytovanie-Sturovo-Vadas_10.jpg\"><img loading=\"lazy\" decoding=\"async\" width=\"300\" height=\"282\" data-id=\"1310\" src=\"https:\/\/goldenbeachapartment.sk\/wp-content\/uploads\/2022\/10\/Golden-Beach-Apartment-ubytovanie-Sturovo-Vadas_10-300x282.jpg\" alt=\"Golden Beach Apartment ubytovanie Sturovo Vadas 10\" class=\"wp-image-1310\" srcset=\"https:\/\/goldenbeachapartment.sk\/wp-content\/uploads\/2022\/10\/Golden-Beach-Apartment-ubytovanie-Sturovo-Vadas_10-300x282.jpg 300w, https:\/\/goldenbeachapartment.sk\/wp-content\/uploads\/2022\/10\/Golden-Beach-Apartment-ubytovanie-Sturovo-Vadas_10-1024x962.jpg 1024w, https:\/\/goldenbeachapartment.sk\/wp-content\/uploads\/2022\/10\/Golden-Beach-Apartment-ubytovanie-Sturovo-Vadas_10-768x721.jpg 768w, https:\/\/goldenbeachapartment.sk\/wp-content\/uploads\/2022\/10\/Golden-Beach-Apartment-ubytovanie-Sturovo-Vadas_10.jpg 1200w\" sizes=\"auto, (max-width: 300px) 100vw, 300px\" \/><\/a><\/figure>\r\n\r\n\r\n\r\n<figure class=\"wp-block-image size-medium\"><a href=\"https:\/\/goldenbeachapartment.sk\/wp-content\/uploads\/2022\/10\/Golden-Beach-Apartment-ubytovanie-Sturovo-Vadas_08.jpg\"><img loading=\"lazy\" decoding=\"async\" width=\"300\" height=\"189\" data-id=\"1308\" src=\"https:\/\/goldenbeachapartment.sk\/wp-content\/uploads\/2022\/10\/Golden-Beach-Apartment-ubytovanie-Sturovo-Vadas_08-300x189.jpg\" alt=\"Golden Beach Apartment ubytovanie Sturovo Vadas 08\" class=\"wp-image-1308\" srcset=\"https:\/\/goldenbeachapartment.sk\/wp-content\/uploads\/2022\/10\/Golden-Beach-Apartment-ubytovanie-Sturovo-Vadas_08-300x189.jpg 300w, https:\/\/goldenbeachapartment.sk\/wp-content\/uploads\/2022\/10\/Golden-Beach-Apartment-ubytovanie-Sturovo-Vadas_08-1024x645.jpg 1024w, https:\/\/goldenbeachapartment.sk\/wp-content\/uploads\/2022\/10\/Golden-Beach-Apartment-ubytovanie-Sturovo-Vadas_08-768x484.jpg 768w, https:\/\/goldenbeachapartment.sk\/wp-content\/uploads\/2022\/10\/Golden-Beach-Apartment-ubytovanie-Sturovo-Vadas_08.jpg 1200w\" sizes=\"auto, (max-width: 300px) 100vw, 300px\" \/><\/a><\/figure>\r\n\r\n\r\n\r\n<figure class=\"wp-block-image size-medium\"><a href=\"https:\/\/goldenbeachapartment.sk\/wp-content\/uploads\/2022\/10\/Golden-Beach-Apartment-pri-Dunaji-Chlaba_12.jpg\"><img loading=\"lazy\" decoding=\"async\" width=\"300\" height=\"168\" data-id=\"1288\" src=\"https:\/\/goldenbeachapartment.sk\/wp-content\/uploads\/2022\/10\/Golden-Beach-Apartment-pri-Dunaji-Chlaba_12-300x168.jpg\" alt=\"Golden Beach Apartment pri Dunaji Chlaba 12\" class=\"wp-image-1288\" srcset=\"https:\/\/goldenbeachapartment.sk\/wp-content\/uploads\/2022\/10\/Golden-Beach-Apartment-pri-Dunaji-Chlaba_12-300x168.jpg 300w, https:\/\/goldenbeachapartment.sk\/wp-content\/uploads\/2022\/10\/Golden-Beach-Apartment-pri-Dunaji-Chlaba_12-1024x574.jpg 1024w, https:\/\/goldenbeachapartment.sk\/wp-content\/uploads\/2022\/10\/Golden-Beach-Apartment-pri-Dunaji-Chlaba_12-768x431.jpg 768w, https:\/\/goldenbeachapartment.sk\/wp-content\/uploads\/2022\/10\/Golden-Beach-Apartment-pri-Dunaji-Chlaba_12.jpg 1200w\" sizes=\"auto, (max-width: 300px) 100vw, 300px\" \/><\/a><\/figure>\r\n\r\n\r\n\r\n<figure class=\"wp-block-image size-medium\"><a href=\"https:\/\/goldenbeachapartment.sk\/wp-content\/uploads\/2022\/10\/Golden-Beach-Apartment-pri-Dunaji-Chlaba_11.jpg\"><img loading=\"lazy\" decoding=\"async\" width=\"300\" height=\"169\" data-id=\"1287\" src=\"https:\/\/goldenbeachapartment.sk\/wp-content\/uploads\/2022\/10\/Golden-Beach-Apartment-pri-Dunaji-Chlaba_11-300x169.jpg\" alt=\"Golden Beach Apartment pri Dunaji Chlaba 11\" class=\"wp-image-1287\" srcset=\"https:\/\/goldenbeachapartment.sk\/wp-content\/uploads\/2022\/10\/Golden-Beach-Apartment-pri-Dunaji-Chlaba_11-300x169.jpg 300w, https:\/\/goldenbeachapartment.sk\/wp-content\/uploads\/2022\/10\/Golden-Beach-Apartment-pri-Dunaji-Chlaba_11-768x432.jpg 768w, https:\/\/goldenbeachapartment.sk\/wp-content\/uploads\/2022\/10\/Golden-Beach-Apartment-pri-Dunaji-Chlaba_11.jpg 840w\" sizes=\"auto, (max-width: 300px) 100vw, 300px\" \/><\/a><\/figure>\r\n<\/figure>\r\n\r\n<\/div><\/div><\/div>\r\n<\/div>\r\n<\/div><div class=\"gb-shapes\"><div class=\"gb-shape gb-shape-1\"><svg xmlns=\"http:\/\/www.w3.org\/2000\/svg\" viewbox=\"0 0 1200 360\" preserveaspectratio=\"none\"><path d=\"M1200 360H0V0l1200 348z\"\/><\/svg><\/div><\/div><\/div>","protected":false},"excerpt":{"rendered":"","protected":false},"author":1,"featured_media":0,"parent":0,"menu_order":2,"comment_status":"closed","ping_status":"closed","template":"","meta":{"_seopress_robots_primary_cat":"","_seopress_titles_title":"Ubytovanie na brehu Dunaja - Golden Beach Apartment","_seopress_titles_desc":"Rodinn\u00fd apartm\u00e1n Golden Beach Apartment sa nach\u00e1dza pri dedinke Ch\u013eaba a pon\u00faka v\u00fdnimo\u010dn\u00e9 ubytovanie v ka\u017edom ro\u010dnom obdob\u00ed.","_seopress_robots_index":"","footnotes":""},"class_list":{"0":"post-14","1":"page","2":"type-page","3":"status-publish","5":"no-featured-image-padding"},"_links":{"self":[{"href":"https:\/\/goldenbeachapartment.sk\/hu\/wp-json\/wp\/v2\/pages\/14","targetHints":{"allow":["GET"]}}],"collection":[{"href":"https:\/\/goldenbeachapartment.sk\/hu\/wp-json\/wp\/v2\/pages"}],"about":[{"href":"https:\/\/goldenbeachapartment.sk\/hu\/wp-json\/wp\/v2\/types\/page"}],"author":[{"embeddable":true,"href":"https:\/\/goldenbeachapartment.sk\/hu\/wp-json\/wp\/v2\/users\/1"}],"replies":[{"embeddable":true,"href":"https:\/\/goldenbeachapartment.sk\/hu\/wp-json\/wp\/v2\/comments?post=14"}],"version-history":[{"count":0,"href":"https:\/\/goldenbeachapartment.sk\/hu\/wp-json\/wp\/v2\/pages\/14\/revisions"}],"wp:attachment":[{"href":"https:\/\/goldenbeachapartment.sk\/hu\/wp-json\/wp\/v2\/media?parent=14"}],"curies":[{"name":"wp","href":"https:\/\/api.w.org\/{rel}","templated":true}]}}