{"id":1434,"date":"2022-10-05T16:13:34","date_gmt":"2022-10-05T14:13:34","guid":{"rendered":"https:\/\/goldenbeachapartment.sk\/?page_id=1434"},"modified":"2022-11-22T17:38:00","modified_gmt":"2022-11-22T16:38:00","slug":"uzleti-feltetelek","status":"publish","type":"page","link":"https:\/\/goldenbeachapartment.sk\/hu\/obchodne-podmienky\/","title":{"rendered":"Ubytovac\u00ed poriadok\u00a0"},"content":{"rendered":"<h2 class=\"gb-headline gb-headline-8663773c gb-headline-text\">Ubytovac\u00ed poriadok \/ Obchodn\u00e9 podmienky<\/h2>\r\n\r\n\r\n\r\n<p>Golden Beach Apartman je ubytovacie zariadenie bez recepcie a obsluhuj\u00faceho person\u00e1lu. Prev\u00e1dzku apartm\u00e1nu zabezpe\u010duje ubytovate\u013e a n\u00edm poveren\u00e9 osoby. Hos\u0165om je osoba, ktor\u00e1 sa dobrovo\u013ene prihl\u00e1sila na pobyt. Hos\u0165 sa z\u00e1rove\u0148 zav\u00e4zuje dodr\u017eiava\u0165 nasledovn\u00fd ubytovac\u00ed poriadok:<\/p>\r\n\r\n\r\n<div class=\"gb-grid-wrapper gb-grid-wrapper-844edc92\">\r\n<div class=\"gb-grid-column gb-grid-column-d8d6fa36\"><div class=\"gb-container gb-container-d8d6fa36\"><div class=\"gb-inside-container\">\r\n\r\n<h2 class=\"wp-block-heading\" style=\"font-size:28px\">N\u00e1stup&nbsp;<\/h2>\r\n\r\n\r\n\r\n<p><strong>Odhl\u00e1senie:<\/strong>&nbsp;&nbsp;do&nbsp; 10:30 hod.<\/p>\r\n\r\n\r\n\r\n<p><strong>Prihl\u00e1senie:&nbsp;<\/strong>&nbsp;od&nbsp; 14:00 hod.&nbsp;&nbsp;&nbsp;&nbsp;<\/p>\r\n\r\n<\/div><\/div><\/div>\r\n\r\n<div class=\"gb-grid-column gb-grid-column-5fa7311d\"><div class=\"gb-container gb-container-5fa7311d\"><div class=\"gb-inside-container\">\r\n\r\n<figure class=\"wp-block-image\"><img decoding=\"async\" src=\"https:\/\/goldenbeachapartment.sk\/wp-content\/uploads\/2021\/08\/GoldenBeach-Logo.png\" alt=\"\"\/><\/figure>\r\n\r\n<\/div><\/div><\/div>\r\n<\/div>\r\n\r\n\r\n<p>V pr\u00edpade ne\/skor\u0161ieho n\u00e1stupu\/odchodu zo strany klienta je tento povinn\u00fd o tomto informova\u0165 prenaj\u00edmate\u013ea telefonicky alebo e-mailom a operat\u00edvne si dohodn\u00fa\u0165 \u010das pr\u00edchodu.<\/p>\r\n\r\n\r\n\r\n<ol class=\"wp-block-list\"><li>Apartm\u00e1n m\u00f4\u017ee ubytova\u0165 len hos\u0165a, ktor\u00fd sa na pobyt riadne prihl\u00e1si. Hos\u0165 je pri pr\u00edchode povinn\u00fd predlo\u017ei\u0165 svoj doklad toto\u017enosti, na z\u00e1klade ktor\u00e9ho je zap\u00edsan\u00fd do Knihy ubytovan\u00fdch<\/li><li>Za ubytovanie a ostatn\u00e9 slu\u017eby je hos\u0165 povinn\u00fd plati\u0165 cenu v s\u00falade s cenn\u00edkom, ktor\u00fd je pr\u00edlohou ubytovacieho poriadku a je taktie\u017e umiestnen\u00fd na internetovej str\u00e1nke zariadenia. Pln\u00e1 cena za ubytovanie sa vypl\u00e1ca hne\u010f pri n\u00e1stupe na pobyt.<\/li><li>N\u00e1stup na pobyt je po 14:00 hodine presne v de\u0148 vopred dohodnut\u00fd medzi ubytovate\u013eom a objedn\u00e1vate\u013eom pobytu. Po\u010det ubytovan\u00fdch (dospel\u00fdch a det\u00ed) mus\u00ed zodpoveda\u0165 po\u010dtu os\u00f4b uveden\u00fdch na rezerva\u010dnom formul\u00e1ri.<\/li><li>Za malolet\u00e9 ubytovan\u00e9 deti zodpoved\u00e1 z\u00e1stupca. Deti do 10 rokov je zak\u00e1zan\u00e9 nech\u00e1va\u0165 bez dozoru dospel\u00fdch v interi\u00e9ri i exteri\u00e9ri objektu. Pri vzniku \u00farazu alebo in\u00fdch nepredv\u00eddate\u013en\u00fdch okolnost\u00ed zodpoved\u00e1 za die\u0165a osoba, s ktorou je die\u0165a prihl\u00e1sen\u00e9 na pobyt.<\/li><li>Pri odovzdan\u00ed objektu preber\u00e1 hos\u0165 invent\u00e1r cel\u00e9ho objektu a\u00a0berie na seba zodpovednos\u0165 za stratu, po\u0161kodenie, pr\u00edpadne zni\u010denie apartm\u00e1nu alebo jeho obsahu. Pri tomto prevzat\u00ed sa sklad\u00e1 vratn\u00e1 z\u00e1loha v hodnote 100 \u20ac (slovom =jednosto EUR) v hotovosti.<\/li><li>Ubytovanie v objekte je povolen\u00e9 len osob\u00e1m, ktor\u00e9 netrpia infek\u010dnou chorobou.<\/li><li>Exteri\u00e9r ubytovacieho zariadenia je zabezpe\u010den\u00fd kamerov\u00fdm syst\u00e9mom.<\/li><li>Ochrana osobn\u00fdch \u00fadajov je podmienen\u00e1 z\u00e1konu: 428\/2002 Z. z. o ochrane osobn\u00fdch \u00fadajov v znen\u00ed z\u00e1kona \u010d. 602\/2003 Z. z., z\u00e1kona \u010d. 576\/2004 Z. z. a z\u00e1kona \u010d. 90 \/2005 Z. z.<\/li><li>V celom objekte plat\u00ed pr\u00edsny z\u00e1kaz prij\u00edmania n\u00e1v\u0161tev a ich prenocovania bez s\u00fahlasu majite\u013ea objektu. Hostia nesm\u00fa do apartm\u00e1nu v \u017eiadnom pr\u00edpade a za \u017eiadnym \u00fa\u010delom vp\u00fa\u0161\u0165a\u0165 nezn\u00e1me osoby.<\/li><li>Do apartm\u00e1nu je zak\u00e1zan\u00e9 vstupova\u0165 v \u0161pinavej \u0161portovej obuvi. Pros\u00edme V\u00e1s, aby ste si riadne o\u010distili obuv pred vstupom.<\/li><li>Ubytovanie dom\u00e1cich zvierat je povolen\u00e9 len so s\u00fahlasom ubytovate\u013ea.<\/li><li>Hostia s\u00fahlasia s t\u00fdm, \u017ee po\u010das doby trvania pren\u00e1jmu majite\u013e m\u00e1 pr\u00e1vo vst\u00fapi\u0165 do objektu a izieb za \u00fa\u010delom vykonania povinnost\u00ed, vypl\u00fdvaj\u00facich z prev\u00e1dzkovania objektu (nutn\u00e9 opravy a \u00fadr\u017eba, havarijn\u00e9 stavy a pod.).<\/li><li>Exteri\u00e9r a interi\u00e9r objektu je udr\u017eiavan\u00fd a funk\u010dn\u00fd, ubytovan\u00ed hostia s\u00fa vo vlastnom z\u00e1ujme povinn\u00ed prekontrolova\u0165 stav a funk\u010dnos\u0165 zariaden\u00ed a majetku objektu, vybavenos\u0165 kuchyne v s\u00falade s predlo\u017een\u00fdm Zoznamom invent\u00e1ra a pr\u00edpadn\u00e9 vady a ch\u00fdbaj\u00face predmety ihne\u010f nahl\u00e1si prenaj\u00edmate\u013eovi. V pr\u00edpade, \u017ee tieto bezodkladne nenahl\u00e1si u prenaj\u00edmate\u013ea, bude za tieto zodpoveda\u0165 ako keby ich sp\u00f4sobil s\u00e1m.<\/li><li>V objekte plat\u00ed PR\u00cdSNY Z\u00c1KAZ premiest\u0148ova\u0165 zariadenie (postele, n\u00e1bytok..), robi\u0165 \u00fapravy a opravy objektu, z\u00e1sahy do siet\u00ed a in\u0161tal\u00e1cie (z\u00e1kaz manipul\u00e1cie a prestavovania audio- zariaden\u00ed).<\/li><li>V apartm\u00e1nu je zak\u00e1zan\u00e9 pou\u017e\u00edva\u0165 vlastn\u00e9 elektrick\u00e9 spotrebi\u010de, okrem spotrebi\u010dov be\u017en\u00e9ho pou\u017eitia (holiace stroj\u010deky, su\u0161i\u010de na vlasy, nab\u00edja\u010dky, notebooky a pod.).<\/li><li>Poste\u013en\u00e1 bielize\u0148 sa nevymie\u0148a denne, sl\u00fa\u017eia na cel\u00fd pobyt hos\u0165a.\u00a0PROS\u00cdME, NEVYN\u00c1\u0160AJTE VANK\u00da\u0160E, PERINY ANI IN\u00c9 ITERI\u00c9ROV\u00c9 ZARIADENIE DO EXTERI\u00c9ROV OBJEKTU.<\/li><li>V celom objekte apartm\u00e1nu plat\u00ed pr\u00edsny z\u00e1kaz faj\u010denia. Pre faj\u010diarov s\u00fa ur\u010den\u00e9 len vonkaj\u0161ie priestory (terasa objektu, sedenie pri ohnisku v exteri\u00e9ri), kedy je potrebn\u00e9 ma\u0165 na zreteli zv\u00fd\u0161en\u00e9 po\u017eiarne riziko a n\u00e1hradu pr\u00edpadnej vzniknutej \u0161kody na majetku a zariaden\u00ed.<\/li><li>Pre Va\u0161u bezpe\u010dnos\u0165 je pr\u00edsne zak\u00e1zan\u00e9 zaklada\u0165 ohe\u0148 okrem na to vyzna\u010den\u00fdch priestranstiev a nosi\u0165 v\u00fdbu\u0161n\u00e9 l\u00e1tky do objektu.<\/li><li>Hostia s\u00fa povinn\u00ed vykona\u0165 opatrenia na zabezpe\u010denie poriadku a k\u013eudu priamo v objekte i v bezprostrednej bl\u00edzkosti objektu a povinnos\u0165 dodr\u017eiava\u0165 no\u010dn\u00fd k\u013eud v \u010dase od 22.00 hod \u2013 7.00 hod. Hostia s\u00fa povinn\u00ed uzamkn\u00fa\u0165 dvere na k\u013e\u00fa\u010d pri ka\u017edom opusten\u00ed are\u00e1lu apartm\u00e1nu.<\/li><li>\u017diadame V\u00e1s, aby ste neznehodnocovali zariadenie v apartm\u00e1nu ani v are\u00e1li (vr\u00e1tane oplotenia, kvetov, kr\u00edkov a stromov).<\/li><li>Hos\u0165 m\u00e1 pr\u00e1vo vyu\u017e\u00edva\u0165 v\u0161etky vn\u00fatorn\u00e9 priestory apartm\u00e1nu a vonkaj\u0161ie posedenie a priestor okolo apartm\u00e1nu.<\/li><li>Ukon\u010denie pobytu je najnesk\u00f4r do 10:30 hod r\u00e1no. D\u00f4razne \u017eiadame dodr\u017ea\u0165 hodinu odchodu z d\u00f4vodu n\u00e1stupu \u010fal\u0161ieho hos\u0165a. Pri odchode pros\u00edme odovzda\u0165 cel\u00fd invent\u00e1r apartm\u00e1nu v nepo\u0161kodenom stave, odovzda\u0165 poste\u013en\u00e9 pr\u00e1dlo, k\u013e\u00fa\u010de od apartm\u00e1nu.<\/li><li>Pred odchodom z objektu je ubytovan\u00fd hos\u0165 povinn\u00fd:<ol><li>da\u0165 kuchynku a\u00a0miestnosti v apartm\u00e1ne do p\u00f4vodn\u00e9ho stavu<\/li><li>vypr\u00e1zdni\u0165 chladni\u010dku od potrav\u00edn<\/li><li>vysypa\u0165 v\u0161etky smeti do smetn\u00e9ho ko\u0161a<\/li><li>uzamkn\u00fa\u0165 dvere na k\u013e\u00fa\u010d a tento odovzda\u0165.<\/li><\/ol><\/li><li>Za stratu k\u013e\u00fa\u010da je \u00fa\u010dtovan\u00fd samostatn\u00fd poplatok vo v\u00fd\u0161ke 50 Eur.<\/li><li>Majite\u013e si vyhradzuje pr\u00e1vo v pr\u00edpade siln\u00e9ho zne\u010distenia objektu (neumyt\u00fd riad, silne zne\u010disten\u00e9 sanit\u00e1rne zariadenia, poste\u013en\u00e1 bielize\u0148, zne\u010disten\u00e9 podlahy blatom, zne\u010disten\u00e9 steny, zvratky a pod.) ponecha\u0165 \u010das\u0165 z\u00e1lohy alebo aj jej pln\u00fa sumu v z\u00e1vislosti od po\u0161kodenia alebo zne\u010distenia objektu.<\/li><li>\u0160kody sp\u00f4soben\u00e9 hos\u0165om v apartm\u00e1nu a v jej are\u00e1li mus\u00ed hos\u0165 uhradi\u0165 v plnom rozsahu, v z\u00e1vislosti od po\u0161kodenia.<\/li><li>Ubytovan\u00ed hostia s\u00fa povinn\u00ed dodr\u017eiava\u0165 ubytovac\u00ed poriadok \u2013 poru\u0161enie t\u00fdchto podmienok d\u00e1va pr\u00e1vny n\u00e1rok majite\u013eovi objektu na odst\u00fapenie od zmluvy pred uplynut\u00edm dohodnut\u00e9ho \u010dasu. Tento ubytovac\u00ed poriadok je dostupn\u00fd v objekte chaty a ubytovan\u00ed hostia s\u00fa s n\u00edm obozn\u00e1men\u00ed aj pri dojednan\u00ed podmienok a preberan\u00ed objektu \u2013 neznalos\u0165 ustanoven\u00ed nie je d\u00f4vodom na ich neplnenie.<\/li><\/ol>\r\n\r\n\r\n\r\n<h2 class=\"has-text-align-center has-large-font-size wp-block-heading\">\u010eAKUJEME, \u017dE POU\u017d\u00cdVATE APARTM\u00c1N A JEJ ARE\u00c1L, AKO KEBY BOL VA\u0160IM DOMOVOM.<\/h2>\r\n\r\n\r\n\r\n<h3 class=\"has-text-align-center has-accent-2-color has-text-color wp-block-heading\" style=\"font-size:24px\">Prajeme V\u00e1m pr\u00edjemn\u00fd pobyt v apartm\u00e1ne&nbsp; a v na\u0161om kr\u00e1snom prostred\u00ed.<\/h3>\r\n\r\n\r\n<div class=\"gb-container gb-container-788882b4\"><div class=\"gb-inside-container\"><\/div><\/div>","protected":false},"excerpt":{"rendered":"<p>Ubytovac\u00ed poriadok \/ Obchodn\u00e9 podmienky Golden Beach Apartman je ubytovacie zariadenie bez recepcie a obsluhuj\u00faceho person\u00e1lu. Prev\u00e1dzku apartm\u00e1nu zabezpe\u010duje ubytovate\u013e a n\u00edm poveren\u00e9 osoby. Hos\u0165om je osoba, ktor\u00e1 sa dobrovo\u013ene prihl\u00e1sila na pobyt. Hos\u0165 sa z\u00e1rove\u0148 zav\u00e4zuje dodr\u017eiava\u0165 nasledovn\u00fd ubytovac\u00ed poriadok: V pr\u00edpade ne\/skor\u0161ieho n\u00e1stupu\/odchodu zo strany klienta je tento povinn\u00fd o tomto informova\u0165 prenaj\u00edmate\u013ea &#8230; <a title=\"Ubytovac\u00ed poriadok\u00a0\" class=\"read-more\" href=\"https:\/\/goldenbeachapartment.sk\/hu\/obchodne-podmienky\/\" aria-label=\"Read more about Ubytovac\u00ed poriadok\u00a0\">Tov\u00e1bb olvas &gt;&gt;<\/a><\/p>","protected":false},"author":1,"featured_media":0,"parent":0,"menu_order":10,"comment_status":"closed","ping_status":"closed","template":"","meta":{"_seopress_robots_primary_cat":"","_seopress_titles_title":"","_seopress_titles_desc":"","_seopress_robots_index":"","footnotes":""},"class_list":{"0":"post-1434","1":"page","2":"type-page","3":"status-publish","5":"no-featured-image-padding"},"_links":{"self":[{"href":"https:\/\/goldenbeachapartment.sk\/hu\/wp-json\/wp\/v2\/pages\/1434","targetHints":{"allow":["GET"]}}],"collection":[{"href":"https:\/\/goldenbeachapartment.sk\/hu\/wp-json\/wp\/v2\/pages"}],"about":[{"href":"https:\/\/goldenbeachapartment.sk\/hu\/wp-json\/wp\/v2\/types\/page"}],"author":[{"embeddable":true,"href":"https:\/\/goldenbeachapartment.sk\/hu\/wp-json\/wp\/v2\/users\/1"}],"replies":[{"embeddable":true,"href":"https:\/\/goldenbeachapartment.sk\/hu\/wp-json\/wp\/v2\/comments?post=1434"}],"version-history":[{"count":0,"href":"https:\/\/goldenbeachapartment.sk\/hu\/wp-json\/wp\/v2\/pages\/1434\/revisions"}],"wp:attachment":[{"href":"https:\/\/goldenbeachapartment.sk\/hu\/wp-json\/wp\/v2\/media?parent=1434"}],"curies":[{"name":"wp","href":"https:\/\/api.w.org\/{rel}","templated":true}]}}